{"id":76192,"date":"2020-12-18T16:39:05","date_gmt":"2020-12-18T16:39:05","guid":{"rendered":"https:\/\/powerpoolplus.com\/?page_id=76192"},"modified":"2021-03-16T18:28:11","modified_gmt":"2021-03-16T18:28:11","slug":"corporate-office","status":"publish","type":"page","link":"https:\/\/powerpoolplus.com\/es\/contact-us-page-2\/corporate-office\/","title":{"rendered":"Oficina corporativa y de fabricaci\u00f3n"},"content":{"rendered":"<div class=\"wpb-content-wrapper\"><p>[vc_row][vc_column width=\u00bb2\/3&#8243;][vc_single_image media=\u00bb76280&#8243; media_width_percent=\u00bb100&#8243;][vc_column_text]Durante la \u00faltima d\u00e9cada (2010-2020), la carga refrigerada en contenedores se convirti\u00f3 en un segmento m\u00e1s significativo en muchos puertos de EE. UU., Especialmente en los de la costa este de EE. UU. Los aumentos en la demanda interna de frutas y verduras frescas combinados con los portacontenedores m\u00e1s grandes han tra\u00eddo mayor cantidad de contenedores por viaje al puerto.<\/p>\n<p>Si bien los proyectos de construcci\u00f3n han ampliado la capacidad en puertos, todav\u00eda existe una necesidad interminable de mantener la carga perecedera conectada a una fuente de energ\u00eda. Y cuando no hay suficiente energ\u00eda instalada disponible, los paquetes de energ\u00eda Power Pool Plus proporcionan la capacidad adicional. Como resultado nuestro negocio tambi\u00e9n ha crecido.<\/p>\n<p>Sin embargo, durante la segunda mitad de la \u00faltima d\u00e9cada, qued\u00f3 claro que Power Pool Plus no podr\u00eda satisfacer adecuadamente la creciente demanda de nuestros productos para soluciones de energ\u00eda sin una instalaci\u00f3n de fabricaci\u00f3n m\u00e1s grande.<\/p>\n<p>En 2020 celebramos nuestro 30 aniversario proporcionando energ\u00eda para la industria del transporte refrigerado. Ahora hemos encontrado con orgullo una ubicaci\u00f3n para el crecimiento futuro de nuestros muchos productos y servicios. Y ese lugar est\u00e1 en Greenwood, Carolina del Sur.<\/p>\n<p>Oficialmente, a partir del 1 de enero de 2021, nuestra ubicaci\u00f3n de Greenwood entr\u00f3 en l\u00ednea y en funcionamiento, fabricando nuestras l\u00edneas de producci\u00f3n est\u00e1ndar de Power Pack y PortaPack, adem\u00e1s de todos los dise\u00f1os y fabricaciones de Power Pack personalizados. Esta instalaci\u00f3n tambi\u00e9n sirve como la sede corporativa global de Power Pool Plus.<\/p>\n<h3><strong>Permita que nuestro equipo de Greenwood, Carolina del Sur construya su pr\u00f3ximo paquete de energ\u00eda.<\/strong><\/h3>\n<p>[\/vc_column_text][vc_gmaps map_color=\u00bbcolor-jevc\u00bb ui_color=\u00bbcolor-jevc\u00bb zoom=\u00bb7&#8243; map_saturation=\u00bb-20&#8243; map_brightness=\u00bb5&#8243; latlon=\u00bb34.27320, -82.08434&#8243; address=\u00bb1107 Willard Road, Greenwood, SC 29649 USA\u00bb size=\u00bb400&#8243;][\/vc_column][vc_column width=\u00bb1\/3&#8243;][vc_column_text]<\/p>\n<div class=\"uncode_text_column\">\n<p><strong>Corporate Office and Manufacturing<\/strong><\/p>\n<p>Localizaci\u00f3n: <a href=\"https:\/\/www.google.com\/maps\/place\/Power+Pool+Plus,+Inc\/@34.2726516,-82.0855455,15z\/data=!4m5!3m4!1s0x0:0x368c6b40844e3a83!8m2!3d34.2726516!4d-82.0855455\" target=\"_blank\" rel=\"noopener noreferrer\">1107 Willard Road, Greenwood, South Carolina 29649 USA<\/a><\/p>\n<\/div>\n<p>[\/vc_column_text][vc_column_text]<\/p>\n<div class=\"uncode_text_column\">\n<p>Tel\u00e9fono: <a href=\"tel: 1-864-377-8660\">+1 864-377-8660<\/a><\/p>\n<\/div>\n<p>[\/vc_column_text][vc_separator sep_color=\u00bbcolor-wayh\u00bb][vc_column_text]<\/p>\n<div class=\"uncode_text_column\">\n<p><span class=\"VIiyi\" lang=\"es\"><span class=\"JLqJ4b ChMk0b\" data-language-for-alternatives=\"es\" data-language-to-translate-into=\"en\" data-phrase-index=\"0\"><strong>Para solicitar una cotizaci\u00f3n u obtener m\u00e1s informaci\u00f3n,<\/strong> simplemente complete el formulario a continuaci\u00f3n y nos comunicaremos con usted r\u00e1pidamente.<\/span><\/span><\/p>\n<\/div>\n<p>[\/vc_column_text]\n<div class=\"wpcf7 no-js\" id=\"wpcf7-f74962-o1\" lang=\"en-US\" dir=\"ltr\" data-wpcf7-id=\"74962\">\n<div class=\"screen-reader-response\"><p role=\"status\" aria-live=\"polite\" aria-atomic=\"true\"><\/p> <ul><\/ul><\/div>\n<form action=\"\/es\/wp-json\/wp\/v2\/pages\/76192#wpcf7-f74962-o1\" method=\"post\" class=\"wpcf7-form init\" aria-label=\"Contact form\" novalidate=\"novalidate\" data-status=\"init\">\n<div style=\"display: none;\">\n<input type=\"hidden\" name=\"_wpcf7\" value=\"74962\" \/>\n<input type=\"hidden\" name=\"_wpcf7_version\" value=\"6.0.6\" \/>\n<input type=\"hidden\" name=\"_wpcf7_locale\" value=\"en_US\" \/>\n<input type=\"hidden\" name=\"_wpcf7_unit_tag\" value=\"wpcf7-f74962-o1\" \/>\n<input type=\"hidden\" name=\"_wpcf7_container_post\" value=\"0\" \/>\n<input type=\"hidden\" name=\"_wpcf7_posted_data_hash\" value=\"\" \/>\n<input type=\"hidden\" name=\"_wpcf7_recaptcha_response\" value=\"\" \/>\n<\/div>\n<p><label>Tu Nombre*<br \/>\n<span class=\"wpcf7-form-control-wrap\" data-name=\"your-name\"><input size=\"40\" maxlength=\"400\" class=\"wpcf7-form-control wpcf7-text wpcf7-validates-as-required\" aria-required=\"true\" aria-invalid=\"false\" value=\"\" type=\"text\" name=\"your-name\" \/><\/span> <\/label>\n<\/p>\n<p><label>Tu Email*<br \/>\n<span class=\"wpcf7-form-control-wrap\" data-name=\"your-email\"><input size=\"40\" maxlength=\"400\" class=\"wpcf7-form-control wpcf7-email wpcf7-validates-as-required wpcf7-text wpcf7-validates-as-email\" aria-required=\"true\" aria-invalid=\"false\" value=\"\" type=\"email\" name=\"your-email\" \/><\/span> <\/label>\n<\/p>\n<p><label>Tel\u00e9fono*<br \/>\n<span class=\"wpcf7-form-control-wrap\" data-name=\"tel-506\"><input size=\"40\" maxlength=\"400\" class=\"wpcf7-form-control wpcf7-tel wpcf7-validates-as-required wpcf7-text wpcf7-validates-as-tel\" aria-required=\"true\" aria-invalid=\"false\" value=\"\" type=\"tel\" name=\"tel-506\" \/><\/span> <\/label>\n<\/p>\n<p><label>M\u00e9todo de contacto<\/label><br \/>\n<span class=\"wpcf7-form-control-wrap\" data-name=\"checkbox-829\"><span class=\"wpcf7-form-control wpcf7-checkbox\"><span class=\"wpcf7-list-item first\"><input type=\"checkbox\" name=\"checkbox-829[]\" value=\"Tel\u00e9fono\" \/><span class=\"wpcf7-list-item-label\">Tel\u00e9fono<\/span><\/span><span class=\"wpcf7-list-item last\"><input type=\"checkbox\" name=\"checkbox-829[]\" value=\"Email\" \/><span class=\"wpcf7-list-item-label\">Email<\/span><\/span><\/span><\/span>\n<\/p>\n<p><label>Pa\u00eds*<br \/>\n<span class=\"wpcf7-form-control-wrap\" data-name=\"Country\"><input size=\"40\" maxlength=\"400\" class=\"wpcf7-form-control wpcf7-text wpcf7-validates-as-required\" aria-required=\"true\" aria-invalid=\"false\" value=\"\" type=\"text\" name=\"Country\" \/><\/span> <\/label>\n<\/p>\n<p><label>\u00bfComprar \/ alquilar?<\/label><br \/>\n<span class=\"wpcf7-form-control-wrap\" data-name=\"checkbox-685\"><span class=\"wpcf7-form-control wpcf7-checkbox\"><span class=\"wpcf7-list-item first\"><input type=\"checkbox\" name=\"checkbox-685[]\" value=\"Comprar\" \/><span class=\"wpcf7-list-item-label\">Comprar<\/span><\/span><span class=\"wpcf7-list-item last\"><input type=\"checkbox\" name=\"checkbox-685[]\" value=\"Alquilar\" \/><span class=\"wpcf7-list-item-label\">Alquilar<\/span><\/span><\/span><\/span>\n<\/p>\n<p><label>N\u00famero de enchufes necesarios<br \/>\n<span class=\"wpcf7-form-control-wrap\" data-name=\"receptacles\"><input size=\"40\" maxlength=\"400\" class=\"wpcf7-form-control wpcf7-text wpcf7-validates-as-required\" aria-required=\"true\" aria-invalid=\"false\" value=\"\" type=\"text\" name=\"receptacles\" \/><\/span> <\/label>\n<\/p>\n<p><label>Comentarios y requerimientos<br \/>\n<span class=\"wpcf7-form-control-wrap\" data-name=\"your-message\"><textarea cols=\"40\" rows=\"10\" maxlength=\"2000\" class=\"wpcf7-form-control wpcf7-textarea\" aria-invalid=\"false\" name=\"your-message\"><\/textarea><\/span> <\/label>\n<\/p>\n<p><label>\u00bfRecibir actualizaciones y novedades de Power-Pack?<\/label><br \/>\n<span class=\"wpcf7-form-control-wrap\" data-name=\"checkbox-929\"><span class=\"wpcf7-form-control wpcf7-checkbox\"><span class=\"wpcf7-list-item first\"><input type=\"checkbox\" name=\"checkbox-929[]\" value=\"S\u00ed\" \/><span class=\"wpcf7-list-item-label\">S\u00ed<\/span><\/span><span class=\"wpcf7-list-item last\"><input type=\"checkbox\" name=\"checkbox-929[]\" value=\"No\" \/><span class=\"wpcf7-list-item-label\">No<\/span><\/span><\/span><\/span>\n<\/p>\n<p><input class=\"wpcf7-form-control wpcf7-submit has-spinner\" type=\"submit\" value=\"Enviar\" \/>\n<\/p><div class=\"wpcf7-response-output\" aria-hidden=\"true\"><\/div>\n<\/form>\n<\/div>\n[\/vc_column][\/vc_row][vc_row row_height_percent=\u00bb10&#8243; override_padding=\u00bbyes\u00bb h_padding=\u00bb2&#8243; top_padding=\u00bb3&#8243; bottom_padding=\u00bb2&#8243; overlay_alpha=\u00bb50&#8243; gutter_size=\u00bb3&#8243; column_width_percent=\u00bb100&#8243; border_style=\u00bbsolid\u00bb shift_y=\u00bb0&#8243; z_index=\u00bb0&#8243;][vc_column column_width_percent=\u00bb100&#8243; position_horizontal=\u00bbleft\u00bb position_vertical=\u00bbmiddle\u00bb gutter_size=\u00bb3&#8243; overlay_alpha=\u00bb50&#8243; shift_x=\u00bb0&#8243; shift_y=\u00bb0&#8243; z_index=\u00bb0&#8243; medium_width=\u00bb3&#8243; zoom_width=\u00bb0&#8243; zoom_height=\u00bb0&#8243; width=\u00bb1\/3&#8243;][vc_single_image media=\u00bb74328&#8243; media_width_percent=\u00bb100&#8243; alignment=\u00bbcenter\u00bb advanced=\u00bbyes\u00bb media_overlay_opacity=\u00bb1&#8243; media_padding=\u00bb2&#8243; css_animation=\u00bbzoom-in\u00bb animation_delay=\u00bb200&#8243; no_double_tap=\u00bbyes\u00bb media_link=\u00bburl:%2Fes%2Findex.php%2Fproducts%2Fpower-packs%2F|||\u00bb][\/vc_column][vc_column column_width_percent=\u00bb100&#8243; position_vertical=\u00bbmiddle\u00bb gutter_size=\u00bb3&#8243; overlay_alpha=\u00bb50&#8243; shift_x=\u00bb0&#8243; shift_y=\u00bb0&#8243; z_index=\u00bb0&#8243; medium_width=\u00bb3&#8243; zoom_width=\u00bb0&#8243; zoom_height=\u00bb0&#8243; width=\u00bb1\/3&#8243;][vc_single_image media=\u00bb74327&#8243; media_width_percent=\u00bb100&#8243; alignment=\u00bbcenter\u00bb advanced=\u00bbyes\u00bb media_overlay_opacity=\u00bb1&#8243; media_padding=\u00bb2&#8243; css_animation=\u00bbzoom-in\u00bb animation_delay=\u00bb200&#8243; no_double_tap=\u00bbyes\u00bb media_link=\u00bburl:%2Fes%2Findex.php%2Fproducts%2Fportapacks%2F|||\u00bb][\/vc_column][vc_column column_width_percent=\u00bb100&#8243; position_vertical=\u00bbmiddle\u00bb gutter_size=\u00bb3&#8243; overlay_alpha=\u00bb50&#8243; shift_x=\u00bb0&#8243; shift_y=\u00bb0&#8243; z_index=\u00bb0&#8243; medium_width=\u00bb3&#8243; zoom_width=\u00bb0&#8243; zoom_height=\u00bb0&#8243; width=\u00bb1\/3&#8243;][vc_single_image media=\u00bb75136&#8243; media_width_percent=\u00bb100&#8243; alignment=\u00bbcenter\u00bb advanced=\u00bbyes\u00bb media_overlay_opacity=\u00bb1&#8243; media_padding=\u00bb2&#8243; css_animation=\u00bbzoom-in\u00bb animation_delay=\u00bb200&#8243; no_double_tap=\u00bbyes\u00bb media_link=\u00bburl:%2Fes%2Findex.php%2Fproducts%2Fcustom-designs%2F|||\u00bb][\/vc_column][\/vc_row][vc_row row_height_percent=\u00bb10&#8243; override_padding=\u00bbyes\u00bb h_padding=\u00bb2&#8243; top_padding=\u00bb0&#8243; bottom_padding=\u00bb3&#8243; overlay_alpha=\u00bb50&#8243; gutter_size=\u00bb3&#8243; column_width_percent=\u00bb100&#8243; border_style=\u00bbsolid\u00bb shift_y=\u00bb0&#8243; z_index=\u00bb0&#8243;][vc_column column_width_percent=\u00bb100&#8243; position_horizontal=\u00bbleft\u00bb position_vertical=\u00bbmiddle\u00bb gutter_size=\u00bb3&#8243; overlay_alpha=\u00bb50&#8243; shift_x=\u00bb0&#8243; shift_y=\u00bb0&#8243; z_index=\u00bb0&#8243; medium_width=\u00bb3&#8243; zoom_width=\u00bb0&#8243; zoom_height=\u00bb0&#8243; width=\u00bb1\/3&#8243;][vc_single_image media=\u00bb75134&#8243; media_width_percent=\u00bb100&#8243; alignment=\u00bbcenter\u00bb advanced=\u00bbyes\u00bb media_overlay_opacity=\u00bb1&#8243; media_padding=\u00bb2&#8243; css_animation=\u00bbzoom-in\u00bb animation_delay=\u00bb200&#8243; no_double_tap=\u00bbyes\u00bb media_link=\u00bburl:%2Fes%2Findex.php%2Fservices%2Frental-options%2F|||\u00bb][\/vc_column][vc_column column_width_percent=\u00bb100&#8243; position_vertical=\u00bbmiddle\u00bb gutter_size=\u00bb3&#8243; overlay_alpha=\u00bb50&#8243; shift_x=\u00bb0&#8243; shift_y=\u00bb0&#8243; z_index=\u00bb0&#8243; medium_width=\u00bb3&#8243; zoom_width=\u00bb0&#8243; zoom_height=\u00bb0&#8243; width=\u00bb1\/3&#8243;][vc_single_image media=\u00bb75133&#8243; media_width_percent=\u00bb100&#8243; alignment=\u00bbcenter\u00bb advanced=\u00bbyes\u00bb media_overlay_opacity=\u00bb1&#8243; media_padding=\u00bb2&#8243; css_animation=\u00bbzoom-in\u00bb animation_delay=\u00bb200&#8243; no_double_tap=\u00bbyes\u00bb media_link=\u00bburl:%2Fes%2Findex.php%2Fservices%2Fre-manufacturing%2F|||\u00bb][\/vc_column][vc_column column_width_percent=\u00bb100&#8243; position_vertical=\u00bbmiddle\u00bb gutter_size=\u00bb3&#8243; overlay_alpha=\u00bb50&#8243; shift_x=\u00bb0&#8243; shift_y=\u00bb0&#8243; z_index=\u00bb0&#8243; medium_width=\u00bb3&#8243; zoom_width=\u00bb0&#8243; zoom_height=\u00bb0&#8243; width=\u00bb1\/3&#8243;][vc_single_image media=\u00bb75135&#8243; media_width_percent=\u00bb100&#8243; alignment=\u00bbcenter\u00bb advanced=\u00bbyes\u00bb media_overlay_opacity=\u00bb1&#8243; media_padding=\u00bb2&#8243; css_animation=\u00bbzoom-in\u00bb animation_delay=\u00bb200&#8243; no_double_tap=\u00bbyes\u00bb media_link=\u00bburl:%2Fes%2Findex.php%2Fservices%2Fservice%2F|||\u00bb][\/vc_column][\/vc_row]<\/p>\n<\/div>","protected":false},"excerpt":{"rendered":"<p>[vc_row][vc_column width=\u00bb2\/3&#8243;][vc_single_image media=\u00bb76280&#8243; media_width_percent=\u00bb100&#8243;][vc_column_text]Durante la \u00faltima d\u00e9cada (2010-2020), la carga refrigerada en contenedores se convirti\u00f3 en un segmento m\u00e1s significativo [&hellip;]<\/p>\n","protected":false},"author":2,"featured_media":0,"parent":3876,"menu_order":2,"comment_status":"closed","ping_status":"closed","template":"","meta":{"_monsterinsights_skip_tracking":false,"_monsterinsights_sitenote_active":false,"_monsterinsights_sitenote_note":"","_monsterinsights_sitenote_category":0,"footnotes":""},"class_list":["post-76192","page","type-page","status-publish","hentry"],"translation":{"provider":"WPGlobus","version":"2.12.2","language":"es","enabled_languages":["en","es"],"languages":{"en":{"title":true,"content":true,"excerpt":false},"es":{"title":true,"content":true,"excerpt":false}}},"yoast_head":"<!-- This site is optimized with the Yoast SEO plugin v25.6 - https:\/\/yoast.com\/wordpress\/plugins\/seo\/ -->\n<title>Oficina corporativa y de fabricaci\u00f3n - Power Pool Plus<\/title>\n<meta name=\"robots\" content=\"index, follow, max-snippet:-1, max-image-preview:large, max-video-preview:-1\" \/>\n<link rel=\"canonical\" href=\"https:\/\/powerpoolplus.com\/contact-us-page-2\/corporate-office\/\" \/>\n<meta property=\"og:locale\" content=\"es_ES\" \/>\n<meta property=\"og:type\" content=\"article\" \/>\n<meta property=\"og:title\" content=\"Oficina corporativa y de fabricaci\u00f3n - Power Pool Plus\" \/>\n<meta property=\"og:url\" content=\"https:\/\/powerpoolplus.com\/contact-us-page-2\/corporate-office\/\" \/>\n<meta property=\"og:site_name\" content=\"Power Pool Plus\" \/>\n<meta property=\"article:modified_time\" content=\"2021-03-16T18:28:11+00:00\" \/>\n<meta name=\"twitter:card\" content=\"summary_large_image\" \/>\n<meta name=\"twitter:label1\" content=\"Est. reading time\" \/>\n\t<meta name=\"twitter:data1\" content=\"8 minutos\" \/>\n<script type=\"application\/ld+json\" class=\"yoast-schema-graph\">{\"@context\":\"https:\/\/schema.org\",\"@graph\":[{\"@type\":\"WebPage\",\"@id\":\"https:\/\/powerpoolplus.com\/contact-us-page-2\/corporate-office\/\",\"url\":\"https:\/\/powerpoolplus.com\/contact-us-page-2\/corporate-office\/\",\"name\":\"Oficina corporativa y de fabricaci\u00f3n - Power Pool Plus\",\"isPartOf\":{\"@id\":\"https:\/\/powerpoolplus.com\/#website\"},\"datePublished\":\"2020-12-18T16:39:05+00:00\",\"dateModified\":\"2021-03-16T18:28:11+00:00\",\"description\":\"Power Pool Plus expands power pack manufacturing capacity by opening a new facility and corporate office space in Greenwood, South Carolina.\",\"breadcrumb\":{\"@id\":\"https:\/\/powerpoolplus.com\/contact-us-page-2\/corporate-office\/#breadcrumb\"},\"inLanguage\":\"es\",\"potentialAction\":[{\"@type\":\"ReadAction\",\"target\":[\"https:\/\/powerpoolplus.com\/contact-us-page-2\/corporate-office\/\"]}]},{\"@type\":\"BreadcrumbList\",\"@id\":\"https:\/\/powerpoolplus.com\/contact-us-page-2\/corporate-office\/#breadcrumb\",\"itemListElement\":[{\"@type\":\"ListItem\",\"position\":1,\"name\":\"Home\",\"item\":\"https:\/\/powerpoolplus.com\/\"},{\"@type\":\"ListItem\",\"position\":2,\"name\":\"Contact Us\",\"item\":\"https:\/\/powerpoolplus.com\/contact-us-page-2\/\"},{\"@type\":\"ListItem\",\"position\":3,\"name\":\"Oficina corporativa y de fabricaci\u00f3n\"}]},{\"@type\":\"WebSite\",\"@id\":\"https:\/\/powerpoolplus.com\/#website\",\"url\":\"https:\/\/powerpoolplus.com\/\",\"name\":\"Power Pool Plus\",\"description\":\"Power Pool Plus\",\"publisher\":{\"@id\":\"https:\/\/powerpoolplus.com\/#organization\"},\"potentialAction\":[{\"@type\":\"SearchAction\",\"target\":{\"@type\":\"EntryPoint\",\"urlTemplate\":\"https:\/\/powerpoolplus.com\/?s={search_term_string}\"},\"query-input\":{\"@type\":\"PropertyValueSpecification\",\"valueRequired\":true,\"valueName\":\"search_term_string\"}}],\"inLanguage\":\"es\"},{\"@type\":\"Organization\",\"@id\":\"https:\/\/powerpoolplus.com\/#organization\",\"name\":\"Power Pool Plus\",\"url\":\"https:\/\/powerpoolplus.com\/\",\"logo\":{\"@type\":\"ImageObject\",\"inLanguage\":\"es\",\"@id\":\"https:\/\/powerpoolplus.com\/#\/schema\/logo\/image\/\",\"url\":\"https:\/\/powerpoolplus.com\/wp-content\/uploads\/2023\/01\/cropped-Site-Logo-1-1.jpg\",\"contentUrl\":\"https:\/\/powerpoolplus.com\/wp-content\/uploads\/2023\/01\/cropped-Site-Logo-1-1.jpg\",\"width\":450,\"height\":150,\"caption\":\"Power Pool Plus\"},\"image\":{\"@id\":\"https:\/\/powerpoolplus.com\/#\/schema\/logo\/image\/\"}}]}<\/script>\n<!-- \/ Yoast SEO plugin. -->","yoast_head_json":{"title":"Oficina corporativa y de fabricaci\u00f3n - Power Pool Plus","robots":{"index":"index","follow":"follow","max-snippet":"max-snippet:-1","max-image-preview":"max-image-preview:large","max-video-preview":"max-video-preview:-1"},"canonical":"https:\/\/powerpoolplus.com\/contact-us-page-2\/corporate-office\/","og_locale":"es_ES","og_type":"article","og_title":"Oficina corporativa y de fabricaci\u00f3n - Power Pool Plus","og_url":"https:\/\/powerpoolplus.com\/contact-us-page-2\/corporate-office\/","og_site_name":"Power Pool Plus","article_modified_time":"2021-03-16T18:28:11+00:00","twitter_card":"summary_large_image","twitter_misc":{"Est. reading time":"8 minutos"},"schema":{"@context":"https:\/\/schema.org","@graph":[{"@type":"WebPage","@id":"https:\/\/powerpoolplus.com\/contact-us-page-2\/corporate-office\/","url":"https:\/\/powerpoolplus.com\/contact-us-page-2\/corporate-office\/","name":"Oficina corporativa y de fabricaci\u00f3n - Power Pool Plus","isPartOf":{"@id":"https:\/\/powerpoolplus.com\/#website"},"datePublished":"2020-12-18T16:39:05+00:00","dateModified":"2021-03-16T18:28:11+00:00","description":"Power Pool Plus expands power pack manufacturing capacity by opening a new facility and corporate office space in Greenwood, South Carolina.","breadcrumb":{"@id":"https:\/\/powerpoolplus.com\/contact-us-page-2\/corporate-office\/#breadcrumb"},"inLanguage":"es","potentialAction":[{"@type":"ReadAction","target":["https:\/\/powerpoolplus.com\/contact-us-page-2\/corporate-office\/"]}]},{"@type":"BreadcrumbList","@id":"https:\/\/powerpoolplus.com\/contact-us-page-2\/corporate-office\/#breadcrumb","itemListElement":[{"@type":"ListItem","position":1,"name":"Home","item":"https:\/\/powerpoolplus.com\/"},{"@type":"ListItem","position":2,"name":"Contact Us","item":"https:\/\/powerpoolplus.com\/contact-us-page-2\/"},{"@type":"ListItem","position":3,"name":"Oficina corporativa y de fabricaci\u00f3n"}]},{"@type":"WebSite","@id":"https:\/\/powerpoolplus.com\/#website","url":"https:\/\/powerpoolplus.com\/","name":"Power Pool Plus","description":"Power Pool Plus","publisher":{"@id":"https:\/\/powerpoolplus.com\/#organization"},"potentialAction":[{"@type":"SearchAction","target":{"@type":"EntryPoint","urlTemplate":"https:\/\/powerpoolplus.com\/?s={search_term_string}"},"query-input":{"@type":"PropertyValueSpecification","valueRequired":true,"valueName":"search_term_string"}}],"inLanguage":"es"},{"@type":"Organization","@id":"https:\/\/powerpoolplus.com\/#organization","name":"Power Pool Plus","url":"https:\/\/powerpoolplus.com\/","logo":{"@type":"ImageObject","inLanguage":"es","@id":"https:\/\/powerpoolplus.com\/#\/schema\/logo\/image\/","url":"https:\/\/powerpoolplus.com\/wp-content\/uploads\/2023\/01\/cropped-Site-Logo-1-1.jpg","contentUrl":"https:\/\/powerpoolplus.com\/wp-content\/uploads\/2023\/01\/cropped-Site-Logo-1-1.jpg","width":450,"height":150,"caption":"Power Pool Plus"},"image":{"@id":"https:\/\/powerpoolplus.com\/#\/schema\/logo\/image\/"}}]}},"_links":{"self":[{"href":"https:\/\/powerpoolplus.com\/es\/wp-json\/wp\/v2\/pages\/76192"}],"collection":[{"href":"https:\/\/powerpoolplus.com\/es\/wp-json\/wp\/v2\/pages"}],"about":[{"href":"https:\/\/powerpoolplus.com\/es\/wp-json\/wp\/v2\/types\/page"}],"author":[{"embeddable":true,"href":"https:\/\/powerpoolplus.com\/es\/wp-json\/wp\/v2\/users\/2"}],"replies":[{"embeddable":true,"href":"https:\/\/powerpoolplus.com\/es\/wp-json\/wp\/v2\/comments?post=76192"}],"version-history":[{"count":47,"href":"https:\/\/powerpoolplus.com\/es\/wp-json\/wp\/v2\/pages\/76192\/revisions"}],"predecessor-version":[{"id":76336,"href":"https:\/\/powerpoolplus.com\/es\/wp-json\/wp\/v2\/pages\/76192\/revisions\/76336"}],"up":[{"embeddable":true,"href":"https:\/\/powerpoolplus.com\/es\/wp-json\/wp\/v2\/pages\/3876"}],"wp:attachment":[{"href":"https:\/\/powerpoolplus.com\/es\/wp-json\/wp\/v2\/media?parent=76192"}],"curies":[{"name":"wp","href":"https:\/\/api.w.org\/{rel}","templated":true}]}}