{"id":76089,"date":"2020-12-02T20:15:00","date_gmt":"2020-12-02T20:15:00","guid":{"rendered":"https:\/\/powerpoolplus.com\/?page_id=76089"},"modified":"2021-03-16T19:14:10","modified_gmt":"2021-03-16T19:14:10","slug":"contact","status":"publish","type":"page","link":"https:\/\/powerpoolplus.com\/es\/contact\/","title":{"rendered":"Contacto"},"content":{"rendered":"<div class=\"wpb-content-wrapper\"><p>[vc_row unlock_row=\u00bb\u00bb row_height_percent=\u00bb0&#8243; override_padding=\u00bbyes\u00bb h_padding=\u00bb2&#8243; top_padding=\u00bb3&#8243; bottom_padding=\u00bb3&#8243; overlay_alpha=\u00bb100&#8243; gutter_size=\u00bb3&#8243; shift_y=\u00bb0&#8243;][vc_column column_width_percent=\u00bb90&#8243; position_horizontal=\u00bbleft\u00bb gutter_size=\u00bb3&#8243; overlay_alpha=\u00bb100&#8243; shift_x=\u00bb0&#8243; shift_y=\u00bb0&#8243; medium_width=\u00bb5&#8243; zoom_width=\u00bb0&#8243; zoom_height=\u00bb0&#8243; width=\u00bb7\/12&#8243;][vc_column_text]Para obtener m\u00e1s informaci\u00f3n acerca de Power Pool Plus y c\u00f3mo podemos ayudarlo a alcanzar sus objetivos para una gesti\u00f3n exitosa de la refrigeraci\u00f3n, <strong>simplemente complete el formulario a continuaci\u00f3n y nos pondremos en contacto con usted r\u00e1pidamente.<\/strong>[\/vc_column_text]\n<div class=\"wpcf7 no-js\" id=\"wpcf7-f74962-o1\" lang=\"en-US\" dir=\"ltr\" data-wpcf7-id=\"74962\">\n<div class=\"screen-reader-response\"><p role=\"status\" aria-live=\"polite\" aria-atomic=\"true\"><\/p> <ul><\/ul><\/div>\n<form action=\"\/es\/wp-json\/wp\/v2\/pages\/76089#wpcf7-f74962-o1\" method=\"post\" class=\"wpcf7-form init\" aria-label=\"Contact form\" novalidate=\"novalidate\" data-status=\"init\">\n<div style=\"display: none;\">\n<input type=\"hidden\" name=\"_wpcf7\" value=\"74962\" \/>\n<input type=\"hidden\" name=\"_wpcf7_version\" value=\"6.0.6\" \/>\n<input type=\"hidden\" name=\"_wpcf7_locale\" value=\"en_US\" \/>\n<input type=\"hidden\" name=\"_wpcf7_unit_tag\" value=\"wpcf7-f74962-o1\" \/>\n<input type=\"hidden\" name=\"_wpcf7_container_post\" value=\"0\" \/>\n<input type=\"hidden\" name=\"_wpcf7_posted_data_hash\" value=\"\" \/>\n<input type=\"hidden\" name=\"_wpcf7_recaptcha_response\" value=\"\" \/>\n<\/div>\n<p><label>Tu Nombre*<br \/>\n<span class=\"wpcf7-form-control-wrap\" data-name=\"your-name\"><input size=\"40\" maxlength=\"400\" class=\"wpcf7-form-control wpcf7-text wpcf7-validates-as-required\" aria-required=\"true\" aria-invalid=\"false\" value=\"\" type=\"text\" name=\"your-name\" \/><\/span> <\/label>\n<\/p>\n<p><label>Tu Email*<br \/>\n<span class=\"wpcf7-form-control-wrap\" data-name=\"your-email\"><input size=\"40\" maxlength=\"400\" class=\"wpcf7-form-control wpcf7-email wpcf7-validates-as-required wpcf7-text wpcf7-validates-as-email\" aria-required=\"true\" aria-invalid=\"false\" value=\"\" type=\"email\" name=\"your-email\" \/><\/span> <\/label>\n<\/p>\n<p><label>Tel\u00e9fono*<br \/>\n<span class=\"wpcf7-form-control-wrap\" data-name=\"tel-506\"><input size=\"40\" maxlength=\"400\" class=\"wpcf7-form-control wpcf7-tel wpcf7-validates-as-required wpcf7-text wpcf7-validates-as-tel\" aria-required=\"true\" aria-invalid=\"false\" value=\"\" type=\"tel\" name=\"tel-506\" \/><\/span> <\/label>\n<\/p>\n<p><label>M\u00e9todo de contacto<\/label><br \/>\n<span class=\"wpcf7-form-control-wrap\" data-name=\"checkbox-829\"><span class=\"wpcf7-form-control wpcf7-checkbox\"><span class=\"wpcf7-list-item first\"><input type=\"checkbox\" name=\"checkbox-829[]\" value=\"Tel\u00e9fono\" \/><span class=\"wpcf7-list-item-label\">Tel\u00e9fono<\/span><\/span><span class=\"wpcf7-list-item last\"><input type=\"checkbox\" name=\"checkbox-829[]\" value=\"Email\" \/><span class=\"wpcf7-list-item-label\">Email<\/span><\/span><\/span><\/span>\n<\/p>\n<p><label>Pa\u00eds*<br \/>\n<span class=\"wpcf7-form-control-wrap\" data-name=\"Country\"><input size=\"40\" maxlength=\"400\" class=\"wpcf7-form-control wpcf7-text wpcf7-validates-as-required\" aria-required=\"true\" aria-invalid=\"false\" value=\"\" type=\"text\" name=\"Country\" \/><\/span> <\/label>\n<\/p>\n<p><label>\u00bfComprar \/ alquilar?<\/label><br \/>\n<span class=\"wpcf7-form-control-wrap\" data-name=\"checkbox-685\"><span class=\"wpcf7-form-control wpcf7-checkbox\"><span class=\"wpcf7-list-item first\"><input type=\"checkbox\" name=\"checkbox-685[]\" value=\"Comprar\" \/><span class=\"wpcf7-list-item-label\">Comprar<\/span><\/span><span class=\"wpcf7-list-item last\"><input type=\"checkbox\" name=\"checkbox-685[]\" value=\"Alquilar\" \/><span class=\"wpcf7-list-item-label\">Alquilar<\/span><\/span><\/span><\/span>\n<\/p>\n<p><label>N\u00famero de enchufes necesarios<br \/>\n<span class=\"wpcf7-form-control-wrap\" data-name=\"receptacles\"><input size=\"40\" maxlength=\"400\" class=\"wpcf7-form-control wpcf7-text wpcf7-validates-as-required\" aria-required=\"true\" aria-invalid=\"false\" value=\"\" type=\"text\" name=\"receptacles\" \/><\/span> <\/label>\n<\/p>\n<p><label>Comentarios y requerimientos<br \/>\n<span class=\"wpcf7-form-control-wrap\" data-name=\"your-message\"><textarea cols=\"40\" rows=\"10\" maxlength=\"2000\" class=\"wpcf7-form-control wpcf7-textarea\" aria-invalid=\"false\" name=\"your-message\"><\/textarea><\/span> <\/label>\n<\/p>\n<p><label>\u00bfRecibir actualizaciones y novedades de Power-Pack?<\/label><br \/>\n<span class=\"wpcf7-form-control-wrap\" data-name=\"checkbox-929\"><span class=\"wpcf7-form-control wpcf7-checkbox\"><span class=\"wpcf7-list-item first\"><input type=\"checkbox\" name=\"checkbox-929[]\" value=\"S\u00ed\" \/><span class=\"wpcf7-list-item-label\">S\u00ed<\/span><\/span><span class=\"wpcf7-list-item last\"><input type=\"checkbox\" name=\"checkbox-929[]\" value=\"No\" \/><span class=\"wpcf7-list-item-label\">No<\/span><\/span><\/span><\/span>\n<\/p>\n<p><input class=\"wpcf7-form-control wpcf7-submit has-spinner\" type=\"submit\" value=\"Enviar\" \/>\n<\/p><div class=\"wpcf7-response-output\" aria-hidden=\"true\"><\/div>\n<\/form>\n<\/div>\n[\/vc_column][vc_column column_width_percent=\u00bb100&#8243; position_horizontal=\u00bbleft\u00bb gutter_size=\u00bb3&#8243; overlay_alpha=\u00bb100&#8243; shift_x=\u00bb0&#8243; shift_y=\u00bb0&#8243; medium_width=\u00bb3&#8243; zoom_width=\u00bb0&#8243; zoom_height=\u00bb0&#8243; width=\u00bb5\/12&#8243;][vc_column_text]<strong>Dos locaciones \u00a0para servirle.<\/strong>[\/vc_column_text][vc_separator sep_color=\u00bbcolor-wayh\u00bb][vc_single_image media=\u00bb76280&#8243; media_width_percent=\u00bb100&#8243;][vc_column_text]<\/p>\n<h3>Oficina corporativa y de fabricaci\u00f3n<\/h3>\n<p>Localizaci\u00f3n:\u00a0<a href=\"https:\/\/www.google.com\/maps\/place\/Power+Pool+Plus,+Inc\/@34.272656,-82.0877342,17z\/data=!3m1!4b1!4m5!3m4!1s0x8857fdb315202d3f:0x368c6b40844e3a83!8m2!3d34.2726516!4d-82.0855455\">1107 Willard Road, Greenwood, South Carolina 29649 USA<\/a>[\/vc_column_text][vc_column_text]Tel\u00e9fono:\u00a0<a href=\"tel: +1-864-377-8660\">+1 (864) 377-8660<\/a>[\/vc_column_text][vc_button button_color=\u00bbcolor-jevc\u00bb size=\u00bbbtn-lg\u00bb border_width=\u00bb0&#8243; link=\u00bburl:https%3A%2F%2Fpowerpoolplus.com%2Fes%2Fcontact%2Fcorporate-office%2F|title:OBTENGA%20M%C3%81S%20INFORMACI%C3%93N%20SOBRE%20NUESTRAS%20INSTALACIONES%20DE%20SOUTH%20CAROLINA\u00bb]OBTENGA M\u00c1S INFORMACI\u00d3N SOBRE NUESTRAS INSTALACIONES DE SOUTH CAROLINA[\/vc_button][vc_separator sep_color=\u00bbcolor-wayh\u00bb][vc_single_image media=\u00bb76234&#8243; media_width_percent=\u00bb100&#8243;][vc_column_text]<\/p>\n<h3>Centro de servicio y alquiler del noreste<\/h3>\n<p>Localizaci\u00f3n:\u00a0<a href=\"https:\/\/www.google.com\/maps\/place\/7+Edge+Rd,+Alpha,+NJ+08865\/@40.6629233,-75.1427259,17z\/data=!3m1!4b1!4m5!3m4!1s0x89c47290f843efa9:0x88b325e7dbde7f41!8m2!3d40.6629233!4d-75.1405372\">7 Edge Road, Alpha, New Jersey 08865<\/a>[\/vc_column_text][vc_column_text]Tel\u00e9fono:\u00a0<a href=\"tel: +1-908-454-2906\">+1 (908) 454-2906<\/a>[\/vc_column_text][vc_button button_color=\u00bbcolor-jevc\u00bb size=\u00bbbtn-lg\u00bb border_width=\u00bb0&#8243; link=\u00bburl:https%3A%2F%2Fpowerpoolplus.com%2Fes%2Fcontact%2Fnortheast-service-rental-center%2F|title:OBTENGA%20M%C3%81S%20INFORMACI%C3%93N%20SOBRE%20NUESTRAS%20INSTALACIONES%20DE%20SOUTH%20CAROLINA\u00bb]OBTENGA M\u00c1S INFORMACI\u00d3N SOBRE NUESTRO NORESTE DE SERVICIO Y CENTRO DE ALQUILER [\/vc_button][\/vc_column][\/vc_row]<\/p>\n<\/div>","protected":false},"excerpt":{"rendered":"<p>[vc_row unlock_row=\u00bb\u00bb row_height_percent=\u00bb0&#8243; override_padding=\u00bbyes\u00bb h_padding=\u00bb2&#8243; top_padding=\u00bb3&#8243; bottom_padding=\u00bb3&#8243; overlay_alpha=\u00bb100&#8243; gutter_size=\u00bb3&#8243; shift_y=\u00bb0&#8243;][vc_column column_width_percent=\u00bb90&#8243; position_horizontal=\u00bbleft\u00bb gutter_size=\u00bb3&#8243; overlay_alpha=\u00bb100&#8243; shift_x=\u00bb0&#8243; shift_y=\u00bb0&#8243; medium_width=\u00bb5&#8243; zoom_width=\u00bb0&#8243; zoom_height=\u00bb0&#8243; width=\u00bb7\/12&#8243;][vc_column_text]Para [&hellip;]<\/p>\n","protected":false},"author":2,"featured_media":74502,"parent":0,"menu_order":6,"comment_status":"closed","ping_status":"closed","template":"","meta":{"_monsterinsights_skip_tracking":false,"_monsterinsights_sitenote_active":false,"_monsterinsights_sitenote_note":"","_monsterinsights_sitenote_category":0,"footnotes":""},"class_list":["post-76089","page","type-page","status-publish","has-post-thumbnail","hentry"],"translation":{"provider":"WPGlobus","version":"2.12.2","language":"es","enabled_languages":["en","es"],"languages":{"en":{"title":true,"content":true,"excerpt":false},"es":{"title":true,"content":true,"excerpt":false}}},"yoast_head":"<!-- This site is optimized with the Yoast SEO plugin v25.6 - https:\/\/yoast.com\/wordpress\/plugins\/seo\/ -->\n<title>Contacto - Power Pool Plus<\/title>\n<meta name=\"robots\" content=\"index, follow, max-snippet:-1, max-image-preview:large, max-video-preview:-1\" \/>\n<link rel=\"canonical\" href=\"https:\/\/powerpoolplus.com\/contact\/\" \/>\n<meta property=\"og:locale\" content=\"es_ES\" \/>\n<meta property=\"og:type\" content=\"article\" \/>\n<meta property=\"og:title\" content=\"Contacto - Power Pool Plus\" \/>\n<meta property=\"og:url\" content=\"https:\/\/powerpoolplus.com\/contact\/\" \/>\n<meta property=\"og:site_name\" content=\"Power Pool Plus\" \/>\n<meta property=\"article:modified_time\" content=\"2021-03-16T19:14:10+00:00\" \/>\n<meta property=\"og:image\" content=\"https:\/\/powerpoolplus.com\/wp-content\/uploads\/2019\/02\/Template_Headers_0002_Group-Shot-2.jpg\" \/>\n\t<meta property=\"og:image:width\" content=\"1300\" \/>\n\t<meta property=\"og:image:height\" content=\"400\" \/>\n\t<meta property=\"og:image:type\" content=\"image\/jpeg\" \/>\n<meta name=\"twitter:card\" content=\"summary_large_image\" \/>\n<meta name=\"twitter:label1\" content=\"Est. reading time\" \/>\n\t<meta name=\"twitter:data1\" content=\"3 minutos\" \/>\n<script type=\"application\/ld+json\" class=\"yoast-schema-graph\">{\"@context\":\"https:\/\/schema.org\",\"@graph\":[{\"@type\":\"WebPage\",\"@id\":\"https:\/\/powerpoolplus.com\/contact\/\",\"url\":\"https:\/\/powerpoolplus.com\/contact\/\",\"name\":\"Contacto - Power Pool Plus\",\"isPartOf\":{\"@id\":\"https:\/\/powerpoolplus.com\/#website\"},\"primaryImageOfPage\":{\"@id\":\"https:\/\/powerpoolplus.com\/contact\/#primaryimage\"},\"image\":{\"@id\":\"https:\/\/powerpoolplus.com\/contact\/#primaryimage\"},\"thumbnailUrl\":\"https:\/\/powerpoolplus.com\/wp-content\/uploads\/2019\/02\/Template_Headers_0002_Group-Shot-2.jpg\",\"datePublished\":\"2020-12-02T20:15:00+00:00\",\"dateModified\":\"2021-03-16T19:14:10+00:00\",\"breadcrumb\":{\"@id\":\"https:\/\/powerpoolplus.com\/contact\/#breadcrumb\"},\"inLanguage\":\"es\",\"potentialAction\":[{\"@type\":\"ReadAction\",\"target\":[\"https:\/\/powerpoolplus.com\/contact\/\"]}]},{\"@type\":\"ImageObject\",\"inLanguage\":\"es\",\"@id\":\"https:\/\/powerpoolplus.com\/contact\/#primaryimage\",\"url\":\"https:\/\/powerpoolplus.com\/wp-content\/uploads\/2019\/02\/Template_Headers_0002_Group-Shot-2.jpg\",\"contentUrl\":\"https:\/\/powerpoolplus.com\/wp-content\/uploads\/2019\/02\/Template_Headers_0002_Group-Shot-2.jpg\",\"width\":1300,\"height\":400,\"caption\":\"Three PortaPack Trailers\"},{\"@type\":\"BreadcrumbList\",\"@id\":\"https:\/\/powerpoolplus.com\/contact\/#breadcrumb\",\"itemListElement\":[{\"@type\":\"ListItem\",\"position\":1,\"name\":\"Home\",\"item\":\"https:\/\/powerpoolplus.com\/\"},{\"@type\":\"ListItem\",\"position\":2,\"name\":\"Contact\"}]},{\"@type\":\"WebSite\",\"@id\":\"https:\/\/powerpoolplus.com\/#website\",\"url\":\"https:\/\/powerpoolplus.com\/\",\"name\":\"Power Pool Plus\",\"description\":\"Power Pool Plus\",\"publisher\":{\"@id\":\"https:\/\/powerpoolplus.com\/#organization\"},\"potentialAction\":[{\"@type\":\"SearchAction\",\"target\":{\"@type\":\"EntryPoint\",\"urlTemplate\":\"https:\/\/powerpoolplus.com\/?s={search_term_string}\"},\"query-input\":{\"@type\":\"PropertyValueSpecification\",\"valueRequired\":true,\"valueName\":\"search_term_string\"}}],\"inLanguage\":\"es\"},{\"@type\":\"Organization\",\"@id\":\"https:\/\/powerpoolplus.com\/#organization\",\"name\":\"Power Pool Plus\",\"url\":\"https:\/\/powerpoolplus.com\/\",\"logo\":{\"@type\":\"ImageObject\",\"inLanguage\":\"es\",\"@id\":\"https:\/\/powerpoolplus.com\/#\/schema\/logo\/image\/\",\"url\":\"https:\/\/powerpoolplus.com\/wp-content\/uploads\/2023\/01\/cropped-Site-Logo-1-1.jpg\",\"contentUrl\":\"https:\/\/powerpoolplus.com\/wp-content\/uploads\/2023\/01\/cropped-Site-Logo-1-1.jpg\",\"width\":450,\"height\":150,\"caption\":\"Power Pool Plus\"},\"image\":{\"@id\":\"https:\/\/powerpoolplus.com\/#\/schema\/logo\/image\/\"}}]}<\/script>\n<!-- \/ Yoast SEO plugin. -->","yoast_head_json":{"title":"Contacto - Power Pool Plus","robots":{"index":"index","follow":"follow","max-snippet":"max-snippet:-1","max-image-preview":"max-image-preview:large","max-video-preview":"max-video-preview:-1"},"canonical":"https:\/\/powerpoolplus.com\/contact\/","og_locale":"es_ES","og_type":"article","og_title":"Contacto - Power Pool Plus","og_url":"https:\/\/powerpoolplus.com\/contact\/","og_site_name":"Power Pool Plus","article_modified_time":"2021-03-16T19:14:10+00:00","og_image":[{"width":1300,"height":400,"url":"https:\/\/powerpoolplus.com\/wp-content\/uploads\/2019\/02\/Template_Headers_0002_Group-Shot-2.jpg","type":"image\/jpeg"}],"twitter_card":"summary_large_image","twitter_misc":{"Est. reading time":"3 minutos"},"schema":{"@context":"https:\/\/schema.org","@graph":[{"@type":"WebPage","@id":"https:\/\/powerpoolplus.com\/contact\/","url":"https:\/\/powerpoolplus.com\/contact\/","name":"Contacto - Power Pool Plus","isPartOf":{"@id":"https:\/\/powerpoolplus.com\/#website"},"primaryImageOfPage":{"@id":"https:\/\/powerpoolplus.com\/contact\/#primaryimage"},"image":{"@id":"https:\/\/powerpoolplus.com\/contact\/#primaryimage"},"thumbnailUrl":"https:\/\/powerpoolplus.com\/wp-content\/uploads\/2019\/02\/Template_Headers_0002_Group-Shot-2.jpg","datePublished":"2020-12-02T20:15:00+00:00","dateModified":"2021-03-16T19:14:10+00:00","breadcrumb":{"@id":"https:\/\/powerpoolplus.com\/contact\/#breadcrumb"},"inLanguage":"es","potentialAction":[{"@type":"ReadAction","target":["https:\/\/powerpoolplus.com\/contact\/"]}]},{"@type":"ImageObject","inLanguage":"es","@id":"https:\/\/powerpoolplus.com\/contact\/#primaryimage","url":"https:\/\/powerpoolplus.com\/wp-content\/uploads\/2019\/02\/Template_Headers_0002_Group-Shot-2.jpg","contentUrl":"https:\/\/powerpoolplus.com\/wp-content\/uploads\/2019\/02\/Template_Headers_0002_Group-Shot-2.jpg","width":1300,"height":400,"caption":"Three PortaPack Trailers"},{"@type":"BreadcrumbList","@id":"https:\/\/powerpoolplus.com\/contact\/#breadcrumb","itemListElement":[{"@type":"ListItem","position":1,"name":"Home","item":"https:\/\/powerpoolplus.com\/"},{"@type":"ListItem","position":2,"name":"Contact"}]},{"@type":"WebSite","@id":"https:\/\/powerpoolplus.com\/#website","url":"https:\/\/powerpoolplus.com\/","name":"Power Pool Plus","description":"Power Pool Plus","publisher":{"@id":"https:\/\/powerpoolplus.com\/#organization"},"potentialAction":[{"@type":"SearchAction","target":{"@type":"EntryPoint","urlTemplate":"https:\/\/powerpoolplus.com\/?s={search_term_string}"},"query-input":{"@type":"PropertyValueSpecification","valueRequired":true,"valueName":"search_term_string"}}],"inLanguage":"es"},{"@type":"Organization","@id":"https:\/\/powerpoolplus.com\/#organization","name":"Power Pool Plus","url":"https:\/\/powerpoolplus.com\/","logo":{"@type":"ImageObject","inLanguage":"es","@id":"https:\/\/powerpoolplus.com\/#\/schema\/logo\/image\/","url":"https:\/\/powerpoolplus.com\/wp-content\/uploads\/2023\/01\/cropped-Site-Logo-1-1.jpg","contentUrl":"https:\/\/powerpoolplus.com\/wp-content\/uploads\/2023\/01\/cropped-Site-Logo-1-1.jpg","width":450,"height":150,"caption":"Power Pool Plus"},"image":{"@id":"https:\/\/powerpoolplus.com\/#\/schema\/logo\/image\/"}}]}},"_links":{"self":[{"href":"https:\/\/powerpoolplus.com\/es\/wp-json\/wp\/v2\/pages\/76089"}],"collection":[{"href":"https:\/\/powerpoolplus.com\/es\/wp-json\/wp\/v2\/pages"}],"about":[{"href":"https:\/\/powerpoolplus.com\/es\/wp-json\/wp\/v2\/types\/page"}],"author":[{"embeddable":true,"href":"https:\/\/powerpoolplus.com\/es\/wp-json\/wp\/v2\/users\/2"}],"replies":[{"embeddable":true,"href":"https:\/\/powerpoolplus.com\/es\/wp-json\/wp\/v2\/comments?post=76089"}],"version-history":[{"count":81,"href":"https:\/\/powerpoolplus.com\/es\/wp-json\/wp\/v2\/pages\/76089\/revisions"}],"predecessor-version":[{"id":76354,"href":"https:\/\/powerpoolplus.com\/es\/wp-json\/wp\/v2\/pages\/76089\/revisions\/76354"}],"wp:featuredmedia":[{"embeddable":true,"href":"https:\/\/powerpoolplus.com\/es\/wp-json\/wp\/v2\/media\/74502"}],"wp:attachment":[{"href":"https:\/\/powerpoolplus.com\/es\/wp-json\/wp\/v2\/media?parent=76089"}],"curies":[{"name":"wp","href":"https:\/\/api.w.org\/{rel}","templated":true}]}}