{"id":74694,"date":"2019-03-27T21:47:13","date_gmt":"2019-03-27T21:47:13","guid":{"rendered":"http:\/\/powerpool.dev.ksand.com\/?page_id=74694"},"modified":"2024-05-24T14:30:07","modified_gmt":"2024-05-24T14:30:07","slug":"privacy-policy","status":"publish","type":"page","link":"https:\/\/powerpoolplus.com\/es\/privacy-policy\/","title":{"rendered":"Politica de Privacidad"},"content":{"rendered":"<div class=\"wpb-content-wrapper\"><p>[vc_row row_height_percent=\u00bb0&#8243; override_padding=\u00bbyes\u00bb h_padding=\u00bb2&#8243; top_padding=\u00bb2&#8243; bottom_padding=\u00bb3&#8243; overlay_alpha=\u00bb50&#8243; gutter_size=\u00bb3&#8243; column_width_percent=\u00bb100&#8243; shift_y=\u00bb0&#8243; z_index=\u00bb0&#8243;][vc_column width=\u00bb2\/3&#8243;][vc_column_text]Power Pool Plus se compromete a proteger la privacidad de aquellos que utilizan nuestro sitio web, y la confidencialidad de cualquier informaci\u00f3n personal o datos enviados o proporcionados a la misma.<\/p>\n<p>Esta pol\u00edtica de privacidad establece c\u00f3mo Power Pool Plus utiliza y protege cualquier informaci\u00f3n que usted nos proporciona cuando se utiliza este sitio web.<\/p>\n<p>Power Pool Plus se compromete a garantizar que su privacidad est\u00e1 protegida. Si le pedimos que nos proporcione cierta informaci\u00f3n que usted puede ser identificado cuando se utiliza este sitio web, entonces puede estar seguro de que s\u00f3lo se utilizar\u00e1 de acuerdo con esta declaraci\u00f3n de privacidad.<\/p>\n<p>Power Pool Plus puede cambiar esta pol\u00edtica de vez en cuando al actualizar esta p\u00e1gina. Usted debe visitar esta p\u00e1gina de vez en cuando para asegurarse de que est\u00e1 satisfecho con los cambios. Esta pol\u00edtica es efectiva desde el 05\/25\/2018.<\/p>\n<p><strong>Lo que recopilamos<\/strong><\/p>\n<p>Podemos recopilar la siguiente informaci\u00f3n:<\/p>\n<ul>\n<li>Nombre<\/li>\n<li>Informaci\u00f3n de contacto incluyendo direcci\u00f3n de correo electr\u00f3nico<\/li>\n<li>Informaci\u00f3n demogr\u00e1fica tal como c\u00f3digo postal, preferencias e intereses<\/li>\n<li style=\"text-align: left;\">Otra informaci\u00f3n pertinente a las encuestas a clientes y \/ u ofertas<\/li>\n<\/ul>\n<p><strong>Qu\u00e9 hacemos con la informaci\u00f3n que recopilamos<\/strong><\/p>\n<p>Necesitamos esta informaci\u00f3n para entender sus necesidades y brindarle un mejor servicio, y en particular por las siguientes razones:<\/p>\n<ul>\n<li><strong>Operaciones:<\/strong> podemos usar su informaci\u00f3n para mantener registros internos y proporcionar servicios e informaci\u00f3n que usted solicite.<\/li>\n<li><strong>Mejoras:<\/strong> podemos usar la informaci\u00f3n para mejorar nuestros servicios.<\/li>\n<li><strong>Comunicaciones:<\/strong> peri\u00f3dicamente podemos enviarle correos electr\u00f3nicos promocionales sobre nuevos servicios, eventos especiales u otra informaci\u00f3n que creemos que puede resultarle interesante utilizando la direcci\u00f3n de correo electr\u00f3nico que ha proporcionado. Tiene la posibilidad de optar por no recibir ninguna comunicaci\u00f3n promocional como se describe a continuaci\u00f3n en \u201cSus opciones\u201d.<\/li>\n<\/ul>\n<p><strong>Seguridad<\/strong><\/p>\n<p>Estamos comprometidos a asegurar que su informaci\u00f3n est\u00e1 segura. El fin de evitar el acceso no autorizado o divulgaci\u00f3n, hemos establecido procedimientos f\u00edsicos, electr\u00f3nicos y administrativos para salvaguardar y asegurar la informaci\u00f3n que recopilamos.<\/p>\n<p><strong>C\u00f3mo utilizamos las cookies<\/strong><\/p>\n<p>Una cookie es un peque\u00f1o archivo que pide permiso para ser colocado en el disco duro de su ordenador. Una vez que usted est\u00e1 de acuerdo, el archivo es a\u00f1adido y la cookie ayuda a analizar el tr\u00e1fico web o le permite saber cuando usted visita un sitio en particular. Las cookies permiten a las aplicaciones web responder a usted como individuo. La aplicaci\u00f3n web puede adaptar sus operaciones a sus necesidades, gustos y disgustos por reunir y recordar la informaci\u00f3n acerca de sus preferencias.<\/p>\n<p>Utilizamos cookies de registro de tr\u00e1fico para identificar qu\u00e9 p\u00e1ginas se est\u00e1n utilizando. Esto nos ayuda a analizar los datos sobre el tr\u00e1fico web y mejorar nuestro sitio web para adaptarlo a las necesidades del cliente. S\u00f3lo utilizamos esta informaci\u00f3n para fines de an\u00e1lisis estad\u00edsticos y despu\u00e9s los datos son eliminados del sistema.<\/p>\n<p>En general, las cookies nos ayudan a ofrecerle un mejor sitio web por nos permitir controlar las p\u00e1ginas que encuentra \u00fatiles y cuales no. Una cookie de ning\u00fan modo nos da acceso a su computadora o cualquier informaci\u00f3n sobre usted, excepto los datos que usted elige compartir con nosotros.<\/p>\n<p>Usted puede elegir entre aceptar o rechazar las cookies. La mayor\u00eda de los navegadores web aceptan autom\u00e1ticamente las cookies, pero usted puede modificar la configuraci\u00f3n de su navegador para rechazar cookies si lo prefiere. Esto puede evitar que usted tome todas las ventajas de la p\u00e1gina web.<\/p>\n<p><strong>Enlaces con otras p\u00e1ginas web<\/strong><\/p>\n<p>Nuestro sitio web puede contener enlaces a otros sitios de inter\u00e9s. Sin embargo, una vez que haya utilizado estos enlaces para salir de nuestro sitio, usted debe observar que no tenemos ning\u00fan control sobre ese otro sitio web. Por consiguiente, no podemos ser responsables por la protecci\u00f3n y la privacidad de cualquier informaci\u00f3n que usted proporciona durante su visita a estos sitios y estos sitios no se rigen por la presente declaraci\u00f3n de privacidad. Usted debe tener cuidado y leer la declaraci\u00f3n de privacidad aplicable al sitio web en cuesti\u00f3n.<\/p>\n<p><strong>Control de su informaci\u00f3n personal<\/strong><\/p>\n<p>No vamos a vender, distribuir o ceder su informaci\u00f3n personal a terceros a menos que tengamos tu permiso o est\u00e1n obligados por ley a hacerlo. Podemos utilizar su informaci\u00f3n personal para enviarle informaci\u00f3n promocional sobre terceros que pensamos que pueden interesarle, si usted nos dice que desea que esto suceda.<\/p>\n<p><strong>Retenci\u00f3n de datos<\/strong><\/p>\n<p>Solo conservaremos su informaci\u00f3n personal durante el tiempo que sea necesario para cumplir con los fines para los que fue recopilada originalmente, a menos que la ley exija lo contrario.<\/p>\n<p><strong>Sus opciones<\/strong><\/p>\n<p>Si desea una copia de la informaci\u00f3n que que tenemos sobre usted por favor escriba a Power Pool Plus, 7 Edge Road, Alpha, NJ 08865. Si usted cree que cualquier informaci\u00f3n que tenemos sobre usted es incorrecta o incompleta, o si desea que la eliminen, escr\u00edbanos o env\u00ede un correo electr\u00f3nico a info@powerpoolplus.com lo antes posible. Directamente abordaremos su solicitud.<\/p>\n<p>Power Pool Plus, Inc.<br \/>\n7 Edge Road<br \/>\nAlpha, New Jersey 08865<br \/>\nUSA<br \/>\n+1 908-454-1124<br \/>\ninfo@powerpoolplus.com[\/vc_column_text][\/vc_column][vc_column column_width_percent=\u00bb100&#8243; overlay_alpha=\u00bb50&#8243; gutter_size=\u00bb3&#8243; medium_width=\u00bb0&#8243; mobile_width=\u00bb0&#8243; shift_x=\u00bb0&#8243; shift_y=\u00bb0&#8243; shift_y_down=\u00bb0&#8243; z_index=\u00bb0&#8243; width=\u00bb1\/3&#8243;][vc_column_text]<\/p>\n<h3 style=\"text-align: center;\">Soluciones de generaci\u00f3n de energ\u00eda construidas a su medida<\/h3>\n<p>[\/vc_column_text][vc_button button_color=\u00bbcolor-205117&#8243; size=\u00bbbtn-xl\u00bb border_width=\u00bb0&#8243; link=\u00bburl:http%3A%2F%2Fpowerpool.dev.ksand.com%2Findex.php%2Fcontact%2F|||\u00bb]Solicite una cotizaci\u00f3n[\/vc_button][\/vc_column][\/vc_row]<\/p>\n<\/div>","protected":false},"excerpt":{"rendered":"<p>[vc_row row_height_percent=\u00bb0&#8243; override_padding=\u00bbyes\u00bb h_padding=\u00bb2&#8243; top_padding=\u00bb2&#8243; bottom_padding=\u00bb3&#8243; overlay_alpha=\u00bb50&#8243; gutter_size=\u00bb3&#8243; column_width_percent=\u00bb100&#8243; shift_y=\u00bb0&#8243; z_index=\u00bb0&#8243;][vc_column width=\u00bb2\/3&#8243;][vc_column_text]Power Pool Plus se compromete a proteger la privacidad [&hellip;]<\/p>\n","protected":false},"author":1,"featured_media":0,"parent":0,"menu_order":0,"comment_status":"closed","ping_status":"closed","template":"","meta":{"_monsterinsights_skip_tracking":false,"_monsterinsights_sitenote_active":false,"_monsterinsights_sitenote_note":"","_monsterinsights_sitenote_category":0,"footnotes":""},"class_list":["post-74694","page","type-page","status-publish","hentry"],"translation":{"provider":"WPGlobus","version":"2.12.2","language":"es","enabled_languages":["en","es"],"languages":{"en":{"title":true,"content":true,"excerpt":false},"es":{"title":true,"content":true,"excerpt":false}}},"yoast_head":"<!-- This site is optimized with the Yoast SEO plugin v25.6 - https:\/\/yoast.com\/wordpress\/plugins\/seo\/ -->\n<title>Politica de Privacidad - Power Pool Plus<\/title>\n<meta name=\"robots\" content=\"index, follow, max-snippet:-1, max-image-preview:large, max-video-preview:-1\" \/>\n<link rel=\"canonical\" href=\"https:\/\/powerpoolplus.com\/privacy-policy\/\" \/>\n<meta property=\"og:locale\" content=\"es_ES\" \/>\n<meta property=\"og:type\" content=\"article\" \/>\n<meta property=\"og:title\" content=\"Politica de Privacidad - Power Pool Plus\" \/>\n<meta property=\"og:url\" content=\"https:\/\/powerpoolplus.com\/privacy-policy\/\" \/>\n<meta property=\"og:site_name\" content=\"Power Pool Plus\" \/>\n<meta property=\"article:modified_time\" content=\"2024-05-24T14:30:07+00:00\" \/>\n<meta name=\"twitter:card\" content=\"summary_large_image\" \/>\n<meta name=\"twitter:label1\" content=\"Tiempo de lectura\" \/>\n\t<meta name=\"twitter:data1\" content=\"4 minutos\" \/>\n<script type=\"application\/ld+json\" class=\"yoast-schema-graph\">{\"@context\":\"https:\/\/schema.org\",\"@graph\":[{\"@type\":\"WebPage\",\"@id\":\"https:\/\/powerpoolplus.com\/privacy-policy\/\",\"url\":\"https:\/\/powerpoolplus.com\/privacy-policy\/\",\"name\":\"Politica de Privacidad - Power Pool Plus\",\"isPartOf\":{\"@id\":\"https:\/\/powerpoolplus.com\/#website\"},\"datePublished\":\"2019-03-27T21:47:13+00:00\",\"dateModified\":\"2024-05-24T14:30:07+00:00\",\"breadcrumb\":{\"@id\":\"https:\/\/powerpoolplus.com\/privacy-policy\/#breadcrumb\"},\"inLanguage\":\"es\",\"potentialAction\":[{\"@type\":\"ReadAction\",\"target\":[\"https:\/\/powerpoolplus.com\/privacy-policy\/\"]}]},{\"@type\":\"BreadcrumbList\",\"@id\":\"https:\/\/powerpoolplus.com\/privacy-policy\/#breadcrumb\",\"itemListElement\":[{\"@type\":\"ListItem\",\"position\":1,\"name\":\"Home\",\"item\":\"https:\/\/powerpoolplus.com\/\"},{\"@type\":\"ListItem\",\"position\":2,\"name\":\"PRIVACY POLICY\"}]},{\"@type\":\"WebSite\",\"@id\":\"https:\/\/powerpoolplus.com\/#website\",\"url\":\"https:\/\/powerpoolplus.com\/\",\"name\":\"Power Pool Plus\",\"description\":\"Power Pool Plus\",\"publisher\":{\"@id\":\"https:\/\/powerpoolplus.com\/#organization\"},\"potentialAction\":[{\"@type\":\"SearchAction\",\"target\":{\"@type\":\"EntryPoint\",\"urlTemplate\":\"https:\/\/powerpoolplus.com\/?s={search_term_string}\"},\"query-input\":{\"@type\":\"PropertyValueSpecification\",\"valueRequired\":true,\"valueName\":\"search_term_string\"}}],\"inLanguage\":\"es\"},{\"@type\":\"Organization\",\"@id\":\"https:\/\/powerpoolplus.com\/#organization\",\"name\":\"Power Pool Plus\",\"url\":\"https:\/\/powerpoolplus.com\/\",\"logo\":{\"@type\":\"ImageObject\",\"inLanguage\":\"es\",\"@id\":\"https:\/\/powerpoolplus.com\/#\/schema\/logo\/image\/\",\"url\":\"https:\/\/powerpoolplus.com\/wp-content\/uploads\/2023\/01\/cropped-Site-Logo-1-1.jpg\",\"contentUrl\":\"https:\/\/powerpoolplus.com\/wp-content\/uploads\/2023\/01\/cropped-Site-Logo-1-1.jpg\",\"width\":450,\"height\":150,\"caption\":\"Power Pool Plus\"},\"image\":{\"@id\":\"https:\/\/powerpoolplus.com\/#\/schema\/logo\/image\/\"}}]}<\/script>\n<!-- \/ Yoast SEO plugin. -->","yoast_head_json":{"title":"Politica de Privacidad - Power Pool Plus","robots":{"index":"index","follow":"follow","max-snippet":"max-snippet:-1","max-image-preview":"max-image-preview:large","max-video-preview":"max-video-preview:-1"},"canonical":"https:\/\/powerpoolplus.com\/privacy-policy\/","og_locale":"es_ES","og_type":"article","og_title":"Politica de Privacidad - Power Pool Plus","og_url":"https:\/\/powerpoolplus.com\/privacy-policy\/","og_site_name":"Power Pool Plus","article_modified_time":"2024-05-24T14:30:07+00:00","twitter_card":"summary_large_image","twitter_misc":{"Tiempo de lectura":"4 minutos"},"schema":{"@context":"https:\/\/schema.org","@graph":[{"@type":"WebPage","@id":"https:\/\/powerpoolplus.com\/privacy-policy\/","url":"https:\/\/powerpoolplus.com\/privacy-policy\/","name":"Politica de Privacidad - Power Pool Plus","isPartOf":{"@id":"https:\/\/powerpoolplus.com\/#website"},"datePublished":"2019-03-27T21:47:13+00:00","dateModified":"2024-05-24T14:30:07+00:00","breadcrumb":{"@id":"https:\/\/powerpoolplus.com\/privacy-policy\/#breadcrumb"},"inLanguage":"es","potentialAction":[{"@type":"ReadAction","target":["https:\/\/powerpoolplus.com\/privacy-policy\/"]}]},{"@type":"BreadcrumbList","@id":"https:\/\/powerpoolplus.com\/privacy-policy\/#breadcrumb","itemListElement":[{"@type":"ListItem","position":1,"name":"Home","item":"https:\/\/powerpoolplus.com\/"},{"@type":"ListItem","position":2,"name":"PRIVACY POLICY"}]},{"@type":"WebSite","@id":"https:\/\/powerpoolplus.com\/#website","url":"https:\/\/powerpoolplus.com\/","name":"Power Pool Plus","description":"Power Pool Plus","publisher":{"@id":"https:\/\/powerpoolplus.com\/#organization"},"potentialAction":[{"@type":"SearchAction","target":{"@type":"EntryPoint","urlTemplate":"https:\/\/powerpoolplus.com\/?s={search_term_string}"},"query-input":{"@type":"PropertyValueSpecification","valueRequired":true,"valueName":"search_term_string"}}],"inLanguage":"es"},{"@type":"Organization","@id":"https:\/\/powerpoolplus.com\/#organization","name":"Power Pool Plus","url":"https:\/\/powerpoolplus.com\/","logo":{"@type":"ImageObject","inLanguage":"es","@id":"https:\/\/powerpoolplus.com\/#\/schema\/logo\/image\/","url":"https:\/\/powerpoolplus.com\/wp-content\/uploads\/2023\/01\/cropped-Site-Logo-1-1.jpg","contentUrl":"https:\/\/powerpoolplus.com\/wp-content\/uploads\/2023\/01\/cropped-Site-Logo-1-1.jpg","width":450,"height":150,"caption":"Power Pool Plus"},"image":{"@id":"https:\/\/powerpoolplus.com\/#\/schema\/logo\/image\/"}}]}},"_links":{"self":[{"href":"https:\/\/powerpoolplus.com\/es\/wp-json\/wp\/v2\/pages\/74694"}],"collection":[{"href":"https:\/\/powerpoolplus.com\/es\/wp-json\/wp\/v2\/pages"}],"about":[{"href":"https:\/\/powerpoolplus.com\/es\/wp-json\/wp\/v2\/types\/page"}],"author":[{"embeddable":true,"href":"https:\/\/powerpoolplus.com\/es\/wp-json\/wp\/v2\/users\/1"}],"replies":[{"embeddable":true,"href":"https:\/\/powerpoolplus.com\/es\/wp-json\/wp\/v2\/comments?post=74694"}],"version-history":[{"count":6,"href":"https:\/\/powerpoolplus.com\/es\/wp-json\/wp\/v2\/pages\/74694\/revisions"}],"predecessor-version":[{"id":76647,"href":"https:\/\/powerpoolplus.com\/es\/wp-json\/wp\/v2\/pages\/74694\/revisions\/76647"}],"wp:attachment":[{"href":"https:\/\/powerpoolplus.com\/es\/wp-json\/wp\/v2\/media?parent=74694"}],"curies":[{"name":"wp","href":"https:\/\/api.w.org\/{rel}","templated":true}]}}