{"id":74425,"date":"2019-02-26T22:30:53","date_gmt":"2019-02-26T22:30:53","guid":{"rendered":"http:\/\/powerpool.dev.ksand.com\/?page_id=74425"},"modified":"2023-05-03T18:01:35","modified_gmt":"2023-05-03T18:01:35","slug":"custom-power-pack","status":"publish","type":"page","link":"https:\/\/powerpoolplus.com\/es\/products-diesel-gensets\/custom-power-pack\/","title":{"rendered":"Dise\u00f1os personalizados"},"content":{"rendered":"<div class=\"wpb-content-wrapper\"><p>[vc_row][vc_column width=\u00bb2\/3&#8243;][vc_column_text]<\/p>\n<h3>Cada operaci\u00f3n portuaria es \u00fanica. Su power pack tambi\u00e9n puede serlo.<\/h3>\n<p>La administraci\u00f3n de refrigerados no debe significar ajustar su operaci\u00f3n en torno a las limitaciones de un generador est\u00e1ndar. Power Pool Plus cree en proporcionar soluciones de generaci\u00f3n para refrigerados que se ajusten a su operaci\u00f3n existente para maximizar la eficiencia y ahorrar dinero.<\/p>\n<p>Con casi 30 a\u00f1os de experiencia en la industria del transporte refrigerado, comprendemos los desaf\u00edos que enfrenta para mantener un rendimiento rentable de la carga refrigerada.<\/p>\n<p>Todas nuestras m\u00e1quinas dise\u00f1adas a su medida se construyen con el mismo enfoque en la artesan\u00eda y en la atenci\u00f3n a detalles que nuestra oferta de productos est\u00e1ndar.<\/p>\n<p><strong>Aplicaci\u00f3n de barcazas no tripulada<\/strong> \u2013 Power Pool Plus tiene la experiencia de construir power packs capaces de navegar largas distancias entre los puertos de arribo. Nuestros paquetes de energ\u00eda de doble motor tienen un dise\u00f1o comprobado que ofrece una conmutaci\u00f3n confiable entre motores libre de fallo para garantizar la tranquilidad de que su carga perecedera llegar\u00e1 de manera segura.<\/p>\n<p><strong>Capacidad de alimentaci\u00f3n auxiliar <\/strong>\u2013 cuando la energ\u00eda de la red p\u00fablica no est\u00e1 disponible debido a eventos naturales o provocados por el hombre, los power packs proporcionan una soluci\u00f3n de energ\u00eda vers\u00e1til, pero, solo cuando est\u00e1n debidamente equipados. Las conexiones montadas en el exterior o en el interior junto con los plugs para los refrigerados garantizar\u00e1n que su operaci\u00f3n est\u00e9 lista para cualquier cosa.<\/p>\n<p><strong>Equipos con muchos m\u00e1s enchufes \u2013<\/strong> los power packs con capacidad de manejar un gran n\u00famero de reefers pueden lograrse a trav\u00e9s de mejoras de dise\u00f1o \u00fanicas.<\/p>\n<ul>\n<li>Paneles de recept\u00e1culos en los costados o en los extremos del contenedor para distribuir la carga<\/li>\n<li>Dise\u00f1os y capacidades de tanque de combustible personalizados<\/li>\n<li>Conexiones de interruptor a \u00e1rboles remotos de plugs<\/li>\n<li>Colocaci\u00f3n \u00fanica de persianas de ventilaci\u00f3n para aplicaciones especiales<\/li>\n<li>Racks de almacenamiento dentro del contenedor para \u00e1rboles y cables remotos<\/li>\n<li>Motores duales con interruptor de conmutaci\u00f3n por falla<\/li>\n<\/ul>\n<p><strong>Planificaci\u00f3n completa del dise\u00f1o de patios refrigerados \u2013<\/strong> Power Pool Plus cuenta con a\u00f1os de experiencia en la realizaci\u00f3n de grandes proyectos de patios refrigerados que requieren dise\u00f1os masivos que abarcan desde m\u00e1s de 500 metros desde una \u00fanica fuente de energ\u00eda y que alimentan m\u00e1s de 350 cargas refrigeradas. Imagine convertir un patio vac\u00edo sin infraestructura en una operaci\u00f3n rentable de carga refrigerada en una fracci\u00f3n del tiempo y costo. Hemos ayudado a otros a hacerlo. Podemos ayudarte tambi\u00e9n.<\/p>\n<p><strong>Permita que nuestro equipo dise\u00f1e una soluci\u00f3n de energ\u00eda personalizada que mejor se adapte a sus necesidades<\/strong><\/p>\n<p><img loading=\"lazy\" decoding=\"async\" class=\"alignnone wp-image-75512\" src=\"https:\/\/powerpoolplus.com\/wp-content\/uploads\/2019\/02\/SP-3-Disenos-Personalizados-1.jpg\" alt=\"\" width=\"288\" height=\"322\" \/><\/p>\n<p><a href=\"https:\/\/powerpoolplus.com\/wp-content\/uploads\/2020\/04\/SP-3-Disenos-Personalizados-rev-2020-04-email.pdf\" target=\"_blank\" rel=\"noopener noreferrer\">Descargar folleto de dise\u00f1o personalizado<\/a>[\/vc_column_text][\/vc_column][vc_column width=\u00bb1\/3&#8243;][vc_column_text]<\/p>\n<h3 style=\"text-align: center;\">Soluciones de generaci\u00f3n de energ\u00eda construidas a su medida<\/h3>\n<p>[\/vc_column_text][vc_button button_color=\u00bbcolor-jevc\u00bb size=\u00bbbtn-xl\u00bb border_width=\u00bb0&#8243; link=\u00bburl:%2Fes%2Fcontact%2F|||\u00bb]Solicite una cotizaci\u00f3n[\/vc_button][vc_separator sep_color=\u00bbcolor-wayh\u00bb][vc_single_image media=\u00bb74725&#8243; media_width_percent=\u00bb100&#8243; css_animation=\u00bbright-t-left\u00bb][vc_single_image media=\u00bb75495&#8243; media_width_percent=\u00bb100&#8243; css_animation=\u00bbright-t-left\u00bb][vc_single_image media=\u00bb75478&#8243; media_width_percent=\u00bb100&#8243; css_animation=\u00bbright-t-left\u00bb][vc_single_image media=\u00bb75790&#8243; media_width_percent=\u00bb100&#8243; css_animation=\u00bbright-t-left\u00bb][\/vc_column][\/vc_row]<\/p>\n<\/div>","protected":false},"excerpt":{"rendered":"<p>[vc_row][vc_column width=\u00bb2\/3&#8243;][vc_column_text] Cada operaci\u00f3n portuaria es \u00fanica. Su power pack tambi\u00e9n puede serlo. La administraci\u00f3n de refrigerados no debe significar [&hellip;]<\/p>\n","protected":false},"author":1,"featured_media":75790,"parent":3624,"menu_order":0,"comment_status":"closed","ping_status":"closed","template":"","meta":{"_monsterinsights_skip_tracking":false,"_monsterinsights_sitenote_active":false,"_monsterinsights_sitenote_note":"","_monsterinsights_sitenote_category":0,"footnotes":""},"class_list":["post-74425","page","type-page","status-publish","has-post-thumbnail","hentry"],"translation":{"provider":"WPGlobus","version":"2.12.2","language":"es","enabled_languages":["en","es"],"languages":{"en":{"title":true,"content":true,"excerpt":false},"es":{"title":true,"content":true,"excerpt":false}}},"yoast_head":"<!-- This site is optimized with the Yoast SEO plugin v25.6 - https:\/\/yoast.com\/wordpress\/plugins\/seo\/ -->\n<title>Custom Power Pack Generator - Power Pool Plus Dise\u00f1os personalizados<\/title>\n<meta name=\"robots\" content=\"index, follow, max-snippet:-1, max-image-preview:large, max-video-preview:-1\" \/>\n<link rel=\"canonical\" href=\"https:\/\/powerpoolplus.com\/products-diesel-gensets\/custom-power-pack\/\" \/>\n<meta property=\"og:locale\" content=\"es_ES\" \/>\n<meta property=\"og:type\" content=\"article\" \/>\n<meta property=\"og:title\" content=\"Dise\u00f1os personalizados - Power Pool Plus\" \/>\n<meta property=\"og:url\" content=\"https:\/\/powerpoolplus.com\/products-diesel-gensets\/custom-power-pack\/\" \/>\n<meta property=\"og:site_name\" content=\"Power Pool Plus\" \/>\n<meta property=\"article:modified_time\" content=\"2023-05-03T18:01:35+00:00\" \/>\n<meta property=\"og:image\" content=\"https:\/\/powerpoolplus.com\/wp-content\/uploads\/2020\/04\/IMG_0960-e1587064601144.jpeg\" \/>\n\t<meta property=\"og:image:width\" content=\"1310\" \/>\n\t<meta property=\"og:image:height\" content=\"1095\" \/>\n\t<meta property=\"og:image:type\" content=\"image\/jpeg\" \/>\n<meta name=\"twitter:card\" content=\"summary_large_image\" \/>\n<meta name=\"twitter:label1\" content=\"Tiempo de lectura\" \/>\n\t<meta name=\"twitter:data1\" content=\"2 minutos\" \/>\n<script type=\"application\/ld+json\" class=\"yoast-schema-graph\">{\"@context\":\"https:\/\/schema.org\",\"@graph\":[{\"@type\":\"WebPage\",\"@id\":\"https:\/\/powerpoolplus.com\/products-diesel-gensets\/custom-power-pack\/\",\"url\":\"https:\/\/powerpoolplus.com\/products-diesel-gensets\/custom-power-pack\/\",\"name\":\"Custom Power Pack Generator - Power Pool Plus Dise\u00f1os personalizados\",\"isPartOf\":{\"@id\":\"https:\/\/powerpoolplus.com\/#website\"},\"primaryImageOfPage\":{\"@id\":\"https:\/\/powerpoolplus.com\/products-diesel-gensets\/custom-power-pack\/#primaryimage\"},\"image\":{\"@id\":\"https:\/\/powerpoolplus.com\/products-diesel-gensets\/custom-power-pack\/#primaryimage\"},\"thumbnailUrl\":\"https:\/\/powerpoolplus.com\/wp-content\/uploads\/2020\/04\/IMG_0960-e1587064601144.jpeg\",\"datePublished\":\"2019-02-26T22:30:53+00:00\",\"dateModified\":\"2023-05-03T18:01:35+00:00\",\"description\":\"Specializing in custom Power Pack generators for refrigerated container shipping and the cold chain logistical needs of reefer operators.\",\"breadcrumb\":{\"@id\":\"https:\/\/powerpoolplus.com\/products-diesel-gensets\/custom-power-pack\/#breadcrumb\"},\"inLanguage\":\"es\",\"potentialAction\":[{\"@type\":\"ReadAction\",\"target\":[\"https:\/\/powerpoolplus.com\/products-diesel-gensets\/custom-power-pack\/\"]}]},{\"@type\":\"ImageObject\",\"inLanguage\":\"es\",\"@id\":\"https:\/\/powerpoolplus.com\/products-diesel-gensets\/custom-power-pack\/#primaryimage\",\"url\":\"https:\/\/powerpoolplus.com\/wp-content\/uploads\/2020\/04\/IMG_0960-e1587064601144.jpeg\",\"contentUrl\":\"https:\/\/powerpoolplus.com\/wp-content\/uploads\/2020\/04\/IMG_0960-e1587064601144.jpeg\",\"width\":1310,\"height\":1095,\"caption\":\"Power Pool Plus 240v 30-Receptacle Power Pack\"},{\"@type\":\"BreadcrumbList\",\"@id\":\"https:\/\/powerpoolplus.com\/products-diesel-gensets\/custom-power-pack\/#breadcrumb\",\"itemListElement\":[{\"@type\":\"ListItem\",\"position\":1,\"name\":\"Home\",\"item\":\"https:\/\/powerpoolplus.com\/\"},{\"@type\":\"ListItem\",\"position\":2,\"name\":\"Products\",\"item\":\"https:\/\/powerpoolplus.com\/products-diesel-gensets\/\"},{\"@type\":\"ListItem\",\"position\":3,\"name\":\"Custom Designs\"}]},{\"@type\":\"WebSite\",\"@id\":\"https:\/\/powerpoolplus.com\/#website\",\"url\":\"https:\/\/powerpoolplus.com\/\",\"name\":\"Power Pool Plus\",\"description\":\"Power Pool Plus\",\"publisher\":{\"@id\":\"https:\/\/powerpoolplus.com\/#organization\"},\"potentialAction\":[{\"@type\":\"SearchAction\",\"target\":{\"@type\":\"EntryPoint\",\"urlTemplate\":\"https:\/\/powerpoolplus.com\/?s={search_term_string}\"},\"query-input\":{\"@type\":\"PropertyValueSpecification\",\"valueRequired\":true,\"valueName\":\"search_term_string\"}}],\"inLanguage\":\"es\"},{\"@type\":\"Organization\",\"@id\":\"https:\/\/powerpoolplus.com\/#organization\",\"name\":\"Power Pool Plus\",\"url\":\"https:\/\/powerpoolplus.com\/\",\"logo\":{\"@type\":\"ImageObject\",\"inLanguage\":\"es\",\"@id\":\"https:\/\/powerpoolplus.com\/#\/schema\/logo\/image\/\",\"url\":\"https:\/\/powerpoolplus.com\/wp-content\/uploads\/2023\/01\/cropped-Site-Logo-1-1.jpg\",\"contentUrl\":\"https:\/\/powerpoolplus.com\/wp-content\/uploads\/2023\/01\/cropped-Site-Logo-1-1.jpg\",\"width\":450,\"height\":150,\"caption\":\"Power Pool Plus\"},\"image\":{\"@id\":\"https:\/\/powerpoolplus.com\/#\/schema\/logo\/image\/\"}}]}<\/script>\n<!-- \/ Yoast SEO plugin. -->","yoast_head_json":{"title":"Custom Power Pack Generator - Power Pool Plus Dise\u00f1os personalizados","robots":{"index":"index","follow":"follow","max-snippet":"max-snippet:-1","max-image-preview":"max-image-preview:large","max-video-preview":"max-video-preview:-1"},"canonical":"https:\/\/powerpoolplus.com\/products-diesel-gensets\/custom-power-pack\/","og_locale":"es_ES","og_type":"article","og_title":"Dise\u00f1os personalizados - Power Pool Plus","og_url":"https:\/\/powerpoolplus.com\/products-diesel-gensets\/custom-power-pack\/","og_site_name":"Power Pool Plus","article_modified_time":"2023-05-03T18:01:35+00:00","og_image":[{"width":1310,"height":1095,"url":"https:\/\/powerpoolplus.com\/wp-content\/uploads\/2020\/04\/IMG_0960-e1587064601144.jpeg","type":"image\/jpeg"}],"twitter_card":"summary_large_image","twitter_misc":{"Tiempo de lectura":"2 minutos"},"schema":{"@context":"https:\/\/schema.org","@graph":[{"@type":"WebPage","@id":"https:\/\/powerpoolplus.com\/products-diesel-gensets\/custom-power-pack\/","url":"https:\/\/powerpoolplus.com\/products-diesel-gensets\/custom-power-pack\/","name":"Custom Power Pack Generator - Power Pool Plus Dise\u00f1os personalizados","isPartOf":{"@id":"https:\/\/powerpoolplus.com\/#website"},"primaryImageOfPage":{"@id":"https:\/\/powerpoolplus.com\/products-diesel-gensets\/custom-power-pack\/#primaryimage"},"image":{"@id":"https:\/\/powerpoolplus.com\/products-diesel-gensets\/custom-power-pack\/#primaryimage"},"thumbnailUrl":"https:\/\/powerpoolplus.com\/wp-content\/uploads\/2020\/04\/IMG_0960-e1587064601144.jpeg","datePublished":"2019-02-26T22:30:53+00:00","dateModified":"2023-05-03T18:01:35+00:00","description":"Specializing in custom Power Pack generators for refrigerated container shipping and the cold chain logistical needs of reefer operators.","breadcrumb":{"@id":"https:\/\/powerpoolplus.com\/products-diesel-gensets\/custom-power-pack\/#breadcrumb"},"inLanguage":"es","potentialAction":[{"@type":"ReadAction","target":["https:\/\/powerpoolplus.com\/products-diesel-gensets\/custom-power-pack\/"]}]},{"@type":"ImageObject","inLanguage":"es","@id":"https:\/\/powerpoolplus.com\/products-diesel-gensets\/custom-power-pack\/#primaryimage","url":"https:\/\/powerpoolplus.com\/wp-content\/uploads\/2020\/04\/IMG_0960-e1587064601144.jpeg","contentUrl":"https:\/\/powerpoolplus.com\/wp-content\/uploads\/2020\/04\/IMG_0960-e1587064601144.jpeg","width":1310,"height":1095,"caption":"Power Pool Plus 240v 30-Receptacle Power Pack"},{"@type":"BreadcrumbList","@id":"https:\/\/powerpoolplus.com\/products-diesel-gensets\/custom-power-pack\/#breadcrumb","itemListElement":[{"@type":"ListItem","position":1,"name":"Home","item":"https:\/\/powerpoolplus.com\/"},{"@type":"ListItem","position":2,"name":"Products","item":"https:\/\/powerpoolplus.com\/products-diesel-gensets\/"},{"@type":"ListItem","position":3,"name":"Custom Designs"}]},{"@type":"WebSite","@id":"https:\/\/powerpoolplus.com\/#website","url":"https:\/\/powerpoolplus.com\/","name":"Power Pool Plus","description":"Power Pool Plus","publisher":{"@id":"https:\/\/powerpoolplus.com\/#organization"},"potentialAction":[{"@type":"SearchAction","target":{"@type":"EntryPoint","urlTemplate":"https:\/\/powerpoolplus.com\/?s={search_term_string}"},"query-input":{"@type":"PropertyValueSpecification","valueRequired":true,"valueName":"search_term_string"}}],"inLanguage":"es"},{"@type":"Organization","@id":"https:\/\/powerpoolplus.com\/#organization","name":"Power Pool Plus","url":"https:\/\/powerpoolplus.com\/","logo":{"@type":"ImageObject","inLanguage":"es","@id":"https:\/\/powerpoolplus.com\/#\/schema\/logo\/image\/","url":"https:\/\/powerpoolplus.com\/wp-content\/uploads\/2023\/01\/cropped-Site-Logo-1-1.jpg","contentUrl":"https:\/\/powerpoolplus.com\/wp-content\/uploads\/2023\/01\/cropped-Site-Logo-1-1.jpg","width":450,"height":150,"caption":"Power Pool Plus"},"image":{"@id":"https:\/\/powerpoolplus.com\/#\/schema\/logo\/image\/"}}]}},"_links":{"self":[{"href":"https:\/\/powerpoolplus.com\/es\/wp-json\/wp\/v2\/pages\/74425"}],"collection":[{"href":"https:\/\/powerpoolplus.com\/es\/wp-json\/wp\/v2\/pages"}],"about":[{"href":"https:\/\/powerpoolplus.com\/es\/wp-json\/wp\/v2\/types\/page"}],"author":[{"embeddable":true,"href":"https:\/\/powerpoolplus.com\/es\/wp-json\/wp\/v2\/users\/1"}],"replies":[{"embeddable":true,"href":"https:\/\/powerpoolplus.com\/es\/wp-json\/wp\/v2\/comments?post=74425"}],"version-history":[{"count":53,"href":"https:\/\/powerpoolplus.com\/es\/wp-json\/wp\/v2\/pages\/74425\/revisions"}],"predecessor-version":[{"id":76583,"href":"https:\/\/powerpoolplus.com\/es\/wp-json\/wp\/v2\/pages\/74425\/revisions\/76583"}],"up":[{"embeddable":true,"href":"https:\/\/powerpoolplus.com\/es\/wp-json\/wp\/v2\/pages\/3624"}],"wp:featuredmedia":[{"embeddable":true,"href":"https:\/\/powerpoolplus.com\/es\/wp-json\/wp\/v2\/media\/75790"}],"wp:attachment":[{"href":"https:\/\/powerpoolplus.com\/es\/wp-json\/wp\/v2\/media?parent=74425"}],"curies":[{"name":"wp","href":"https:\/\/api.w.org\/{rel}","templated":true}]}}