{"id":74420,"date":"2019-02-26T22:29:46","date_gmt":"2019-02-26T22:29:46","guid":{"rendered":"http:\/\/powerpool.dev.ksand.com\/?page_id=74420"},"modified":"2023-05-03T14:18:04","modified_gmt":"2023-05-03T14:18:04","slug":"portapacks-mobile-reefer-generator","status":"publish","type":"page","link":"https:\/\/powerpoolplus.com\/es\/products-diesel-gensets\/portapacks-mobile-reefer-generator\/","title":{"rendered":"PortaPacks<sup>&trade;<\/sup>"},"content":{"rendered":"<div class=\"wpb-content-wrapper\"><p>[vc_row][vc_column width=\u00bb2\/3&#8243;][vc_column_text]<\/p>\n<h3>Una soluci\u00f3n de energ\u00eda vers\u00e1til para todo el puerto en un dise\u00f1o compacto montado en un remolque.<\/h3>\n<p>Menos costosas y menos complejas que las alternativas de energ\u00eda m\u00e1s grandes, nuestros PortaPacks \u2122 brindan energ\u00eda donde y cuando m\u00e1s la necesite. Estas unidades de generador refrigerado altamente m\u00f3viles se pueden enganchar f\u00e1cilmente a cualquier cami\u00f3n de patio para colocarlas en cualquier lugar de la terminal.<br \/>\nUtil\u00edcelas para alimentar cargas frigor\u00edficas m\u00e1s peque\u00f1as, edificios, straddle carriers, puertas y cualquier otra necesidad en el terminal.<br \/>\nDisponible en modelos de enchufes de 10, 15 y 20, existe un PortaPack\u2122 para adaptarse a cualquier necesidad.<\/p>\n<h3>Caracter\u00edsticas principals:<\/h3>\n<ul>\n<li>F\u00e1cil de mover a cualquier ubicaci\u00f3n en la terminal con la mayor\u00eda de los camiones de patio equipados con enganche.<\/li>\n<li>Menos costoso de operar en comparaci\u00f3n con los grandes generadores de energ\u00eda refrigerados<\/li>\n<li>Disponible en modelos de 10, 15 o 20 enchufes.<\/li>\n<li>M\u00e1s que un generador refrigerado, los PortaPacks ofrecen la capacidad de soportar otras necesidades de energ\u00eda en el terminal, como la energ\u00eda de emergencia del edificio.<\/li>\n<\/ul>\n<h3>\u00bfQui\u00e9n usa PortaPacks\u2122?<\/h3>\n<ul>\n<li><strong>Peque\u00f1os operadores de patios de reefer o de chasis \u2013<\/strong> los PortaPacks permiten la configuraci\u00f3n r\u00e1pida de una instalaci\u00f3n para manejo de reefers pr\u00e1cticamente en cualquier lugar. Adem\u00e1s, su tama\u00f1o m\u00e1s peque\u00f1o permite una inversi\u00f3n inicial m\u00e1s baja y ahorro de combustible comparado con las soluciones de di\u00e9sel m\u00e1s grandes al alimentar cantidades m\u00e1s peque\u00f1as de contenedores refrigerados.\n<ul>\n<li>Ventaja: Power Pool Plus PortaPack \u2122<\/li>\n<\/ul>\n<\/li>\n<li><strong>Previaje de refrigerados \u2013<\/strong> en comparaci\u00f3n con los GenSets con clip y los que se colocan debajo del chasis, el PortaPack \u2122 puede suministrar energ\u00eda a m\u00faltiples reefers al mismo tiempo. Adem\u00e1s, hay un beneficio adicional de tener un solo punto de mantenimiento y suministro de combustible que reduce tanto el tiempo como el costo para el soporte del generador.\n<ul>\n<li>Por ejemplo, un peque\u00f1o operador que pre-dispara 10 contenedores refrigerados con grupos electr\u00f3genos con pinza o colgados utilizar\u00e1 cerca de 13 galones de combustible por hora (1.3 gph por clip). Un PortaPack \u2122 de 10 tapones (Modelo: P-100) alimentar\u00e1 esos mismos 10 contenedores a solo 7,7 galones por hora, \u00a1ahorrando al operador m\u00e1s de 5 galones de combustible por hora! Tanto el mantenimiento como el ahorro de costos de combustible son una diferencia de costo que se acumula con el tiempo.<\/li>\n<li>Ventaja: Power Pool Plus PortaPack \u2122<\/li>\n<\/ul>\n<\/li>\n<li><strong>Operadores de RTG\u2019s \u2013<\/strong> el operador tiene dos opciones cuando no se est\u00e1 utilizando un RTG: mantener el generador diesel a bordo de gran tama\u00f1o en funcionamiento durante un per\u00edodo de tiempo indefinido o mover el RTG a una posici\u00f3n en la que est\u00e9 disponible la alimentaci\u00f3n a tierra para mantener los controles del RTG &#8216;vivos&#8217;. Cualquiera de las dos opciones costar\u00e1 combustible o tiempo. La eficiencia y movilidad del PortaPack \u2122 resuelve ambos. De hecho, un Portapack \u2122 puede alimentar f\u00e1cilmente 4, 8 o m\u00e1s de 10 RTG.\n<ul>\n<li>Ventaja: Power Pool Plus PortaPack \u2122<\/li>\n<\/ul>\n<\/li>\n<\/ul>\n<p>En Power Pool Plus, entendemos que muchas operaciones tienen necesidades que pueden no coincidir con nuestras ofertas de productos est\u00e1ndar. Obtenga m\u00e1s informaci\u00f3n sobre nuestras Opciones personalizadas, o cont\u00e1ctenos para abordar su situaci\u00f3n \u00fanica.<\/p>\n<p>&nbsp;<\/p>\n<p><img loading=\"lazy\" decoding=\"async\" class=\"alignnone wp-image-75252 size-full\" src=\"https:\/\/powerpoolplus.com\/wp-content\/uploads\/2019\/05\/2-PPP_Portapacks-Brochure_IMAGE.jpg\" alt=\"Power Pool Plus PortaPack Brochure Image\" width=\"288\" height=\"356\" \/><\/p>\n<p><a href=\"https:\/\/powerpoolplus.com\/wp-content\/uploads\/2020\/04\/SP-2-Portapacks-rev-2020-04-email.pdf\" target=\"_blank\" rel=\"noopener noreferrer\">Descargar el folleto PortaPack\u2122<\/a><em>\u00a0<\/em>[\/vc_column_text][\/vc_column][vc_column width=\u00bb1\/3&#8243;][vc_column_text]<\/p>\n<h3 style=\"text-align: center;\">Soluciones de generaci\u00f3n de energ\u00eda construidas a su medida<\/h3>\n<p>[\/vc_column_text][vc_button button_color=\u00bbcolor-jevc\u00bb size=\u00bbbtn-xl\u00bb border_width=\u00bb0&#8243; link=\u00bburl:%2Fes%2Fcontact%2F|||\u00bb]solicite una cotizaci\u00f3n[\/vc_button][vc_separator sep_color=\u00bbcolor-wayh\u00bb][vc_single_image media=\u00bb74462&#8243; caption=\u00bbyes\u00bb media_width_percent=\u00bb100&#8243; css_animation=\u00bbright-t-left\u00bb][vc_single_image media=\u00bb74522&#8243; caption=\u00bbyes\u00bb media_width_percent=\u00bb100&#8243; css_animation=\u00bbright-t-left\u00bb][vc_single_image media=\u00bb74523&#8243; caption=\u00bbyes\u00bb media_width_percent=\u00bb100&#8243; css_animation=\u00bbright-t-left\u00bb][vc_single_image media=\u00bb75664&#8243; caption=\u00bbyes\u00bb media_width_percent=\u00bb100&#8243; css_animation=\u00bbright-t-left\u00bb][\/vc_column][\/vc_row]<\/p>\n<\/div>","protected":false},"excerpt":{"rendered":"<p>[vc_row][vc_column width=\u00bb2\/3&#8243;][vc_column_text] Una soluci\u00f3n de energ\u00eda vers\u00e1til para todo el puerto en un dise\u00f1o compacto montado en un remolque. Menos [&hellip;]<\/p>\n","protected":false},"author":2,"featured_media":76160,"parent":3624,"menu_order":0,"comment_status":"closed","ping_status":"closed","template":"","meta":{"_monsterinsights_skip_tracking":false,"_monsterinsights_sitenote_active":false,"_monsterinsights_sitenote_note":"","_monsterinsights_sitenote_category":0,"footnotes":""},"class_list":["post-74420","page","type-page","status-publish","has-post-thumbnail","hentry"],"translation":{"provider":"WPGlobus","version":"2.12.2","language":"es","enabled_languages":["en","es"],"languages":{"en":{"title":true,"content":true,"excerpt":false},"es":{"title":true,"content":true,"excerpt":false}}},"yoast_head":"<!-- This site is optimized with the Yoast SEO plugin v25.6 - https:\/\/yoast.com\/wordpress\/plugins\/seo\/ -->\n<title>Mobile Reefer Generator - Power Pool Plus PortaPacks&trade;<\/title>\n<meta name=\"robots\" content=\"index, follow, max-snippet:-1, max-image-preview:large, max-video-preview:-1\" \/>\n<link rel=\"canonical\" href=\"https:\/\/powerpoolplus.com\/products-diesel-gensets\/portapacks-mobile-reefer-generator\/\" \/>\n<meta property=\"og:locale\" content=\"es_ES\" \/>\n<meta property=\"og:type\" content=\"article\" \/>\n<meta property=\"og:title\" content=\"PortaPacks&trade; - Power Pool Plus\" \/>\n<meta property=\"og:url\" content=\"https:\/\/powerpoolplus.com\/products-diesel-gensets\/portapacks-mobile-reefer-generator\/\" \/>\n<meta property=\"og:site_name\" content=\"Power Pool Plus\" \/>\n<meta property=\"article:modified_time\" content=\"2023-05-03T14:18:04+00:00\" \/>\n<meta property=\"og:image\" content=\"https:\/\/powerpoolplus.com\/wp-content\/uploads\/2020\/12\/Power-Pool-Plus-P400-PortaPack.jpeg\" \/>\n\t<meta property=\"og:image:width\" content=\"2048\" \/>\n\t<meta property=\"og:image:height\" content=\"1536\" \/>\n\t<meta property=\"og:image:type\" content=\"image\/jpeg\" \/>\n<meta name=\"twitter:card\" content=\"summary_large_image\" \/>\n<meta name=\"twitter:label1\" content=\"Tiempo de lectura\" \/>\n\t<meta name=\"twitter:data1\" content=\"3 minutos\" \/>\n<script type=\"application\/ld+json\" class=\"yoast-schema-graph\">{\"@context\":\"https:\/\/schema.org\",\"@graph\":[{\"@type\":\"WebPage\",\"@id\":\"https:\/\/powerpoolplus.com\/products-diesel-gensets\/portapacks-mobile-reefer-generator\/\",\"url\":\"https:\/\/powerpoolplus.com\/products-diesel-gensets\/portapacks-mobile-reefer-generator\/\",\"name\":\"Mobile Reefer Generator - Power Pool Plus PortaPacks&trade;\",\"isPartOf\":{\"@id\":\"https:\/\/powerpoolplus.com\/#website\"},\"primaryImageOfPage\":{\"@id\":\"https:\/\/powerpoolplus.com\/products-diesel-gensets\/portapacks-mobile-reefer-generator\/#primaryimage\"},\"image\":{\"@id\":\"https:\/\/powerpoolplus.com\/products-diesel-gensets\/portapacks-mobile-reefer-generator\/#primaryimage\"},\"thumbnailUrl\":\"https:\/\/powerpoolplus.com\/wp-content\/uploads\/2020\/12\/Power-Pool-Plus-P400-PortaPack.jpeg\",\"datePublished\":\"2019-02-26T22:29:46+00:00\",\"dateModified\":\"2023-05-03T14:18:04+00:00\",\"description\":\"Trailer mounted 10, 20, and 40 plug PortaPack; a highly mobile reefer generator designed for refrigerated cargo and cold chain application.\",\"breadcrumb\":{\"@id\":\"https:\/\/powerpoolplus.com\/products-diesel-gensets\/portapacks-mobile-reefer-generator\/#breadcrumb\"},\"inLanguage\":\"es\",\"potentialAction\":[{\"@type\":\"ReadAction\",\"target\":[\"https:\/\/powerpoolplus.com\/products-diesel-gensets\/portapacks-mobile-reefer-generator\/\"]}]},{\"@type\":\"ImageObject\",\"inLanguage\":\"es\",\"@id\":\"https:\/\/powerpoolplus.com\/products-diesel-gensets\/portapacks-mobile-reefer-generator\/#primaryimage\",\"url\":\"https:\/\/powerpoolplus.com\/wp-content\/uploads\/2020\/12\/Power-Pool-Plus-P400-PortaPack.jpeg\",\"contentUrl\":\"https:\/\/powerpoolplus.com\/wp-content\/uploads\/2020\/12\/Power-Pool-Plus-P400-PortaPack.jpeg\",\"width\":2048,\"height\":1536,\"caption\":\"Power Pool Plus P400 PortaPack Mobile Reefer Generator\"},{\"@type\":\"BreadcrumbList\",\"@id\":\"https:\/\/powerpoolplus.com\/products-diesel-gensets\/portapacks-mobile-reefer-generator\/#breadcrumb\",\"itemListElement\":[{\"@type\":\"ListItem\",\"position\":1,\"name\":\"Home\",\"item\":\"https:\/\/powerpoolplus.com\/\"},{\"@type\":\"ListItem\",\"position\":2,\"name\":\"Products\",\"item\":\"https:\/\/powerpoolplus.com\/products-diesel-gensets\/\"},{\"@type\":\"ListItem\",\"position\":3,\"name\":\"PortaPacks&trade;\"}]},{\"@type\":\"WebSite\",\"@id\":\"https:\/\/powerpoolplus.com\/#website\",\"url\":\"https:\/\/powerpoolplus.com\/\",\"name\":\"Power Pool Plus\",\"description\":\"Power Pool Plus\",\"publisher\":{\"@id\":\"https:\/\/powerpoolplus.com\/#organization\"},\"potentialAction\":[{\"@type\":\"SearchAction\",\"target\":{\"@type\":\"EntryPoint\",\"urlTemplate\":\"https:\/\/powerpoolplus.com\/?s={search_term_string}\"},\"query-input\":{\"@type\":\"PropertyValueSpecification\",\"valueRequired\":true,\"valueName\":\"search_term_string\"}}],\"inLanguage\":\"es\"},{\"@type\":\"Organization\",\"@id\":\"https:\/\/powerpoolplus.com\/#organization\",\"name\":\"Power Pool Plus\",\"url\":\"https:\/\/powerpoolplus.com\/\",\"logo\":{\"@type\":\"ImageObject\",\"inLanguage\":\"es\",\"@id\":\"https:\/\/powerpoolplus.com\/#\/schema\/logo\/image\/\",\"url\":\"https:\/\/powerpoolplus.com\/wp-content\/uploads\/2023\/01\/cropped-Site-Logo-1-1.jpg\",\"contentUrl\":\"https:\/\/powerpoolplus.com\/wp-content\/uploads\/2023\/01\/cropped-Site-Logo-1-1.jpg\",\"width\":450,\"height\":150,\"caption\":\"Power Pool Plus\"},\"image\":{\"@id\":\"https:\/\/powerpoolplus.com\/#\/schema\/logo\/image\/\"}}]}<\/script>\n<!-- \/ Yoast SEO plugin. -->","yoast_head_json":{"title":"Mobile Reefer Generator - Power Pool Plus PortaPacks&trade;","robots":{"index":"index","follow":"follow","max-snippet":"max-snippet:-1","max-image-preview":"max-image-preview:large","max-video-preview":"max-video-preview:-1"},"canonical":"https:\/\/powerpoolplus.com\/products-diesel-gensets\/portapacks-mobile-reefer-generator\/","og_locale":"es_ES","og_type":"article","og_title":"PortaPacks&trade; - Power Pool Plus","og_url":"https:\/\/powerpoolplus.com\/products-diesel-gensets\/portapacks-mobile-reefer-generator\/","og_site_name":"Power Pool Plus","article_modified_time":"2023-05-03T14:18:04+00:00","og_image":[{"width":2048,"height":1536,"url":"https:\/\/powerpoolplus.com\/wp-content\/uploads\/2020\/12\/Power-Pool-Plus-P400-PortaPack.jpeg","type":"image\/jpeg"}],"twitter_card":"summary_large_image","twitter_misc":{"Tiempo de lectura":"3 minutos"},"schema":{"@context":"https:\/\/schema.org","@graph":[{"@type":"WebPage","@id":"https:\/\/powerpoolplus.com\/products-diesel-gensets\/portapacks-mobile-reefer-generator\/","url":"https:\/\/powerpoolplus.com\/products-diesel-gensets\/portapacks-mobile-reefer-generator\/","name":"Mobile Reefer Generator - Power Pool Plus PortaPacks&trade;","isPartOf":{"@id":"https:\/\/powerpoolplus.com\/#website"},"primaryImageOfPage":{"@id":"https:\/\/powerpoolplus.com\/products-diesel-gensets\/portapacks-mobile-reefer-generator\/#primaryimage"},"image":{"@id":"https:\/\/powerpoolplus.com\/products-diesel-gensets\/portapacks-mobile-reefer-generator\/#primaryimage"},"thumbnailUrl":"https:\/\/powerpoolplus.com\/wp-content\/uploads\/2020\/12\/Power-Pool-Plus-P400-PortaPack.jpeg","datePublished":"2019-02-26T22:29:46+00:00","dateModified":"2023-05-03T14:18:04+00:00","description":"Trailer mounted 10, 20, and 40 plug PortaPack; a highly mobile reefer generator designed for refrigerated cargo and cold chain application.","breadcrumb":{"@id":"https:\/\/powerpoolplus.com\/products-diesel-gensets\/portapacks-mobile-reefer-generator\/#breadcrumb"},"inLanguage":"es","potentialAction":[{"@type":"ReadAction","target":["https:\/\/powerpoolplus.com\/products-diesel-gensets\/portapacks-mobile-reefer-generator\/"]}]},{"@type":"ImageObject","inLanguage":"es","@id":"https:\/\/powerpoolplus.com\/products-diesel-gensets\/portapacks-mobile-reefer-generator\/#primaryimage","url":"https:\/\/powerpoolplus.com\/wp-content\/uploads\/2020\/12\/Power-Pool-Plus-P400-PortaPack.jpeg","contentUrl":"https:\/\/powerpoolplus.com\/wp-content\/uploads\/2020\/12\/Power-Pool-Plus-P400-PortaPack.jpeg","width":2048,"height":1536,"caption":"Power Pool Plus P400 PortaPack Mobile Reefer Generator"},{"@type":"BreadcrumbList","@id":"https:\/\/powerpoolplus.com\/products-diesel-gensets\/portapacks-mobile-reefer-generator\/#breadcrumb","itemListElement":[{"@type":"ListItem","position":1,"name":"Home","item":"https:\/\/powerpoolplus.com\/"},{"@type":"ListItem","position":2,"name":"Products","item":"https:\/\/powerpoolplus.com\/products-diesel-gensets\/"},{"@type":"ListItem","position":3,"name":"PortaPacks&trade;"}]},{"@type":"WebSite","@id":"https:\/\/powerpoolplus.com\/#website","url":"https:\/\/powerpoolplus.com\/","name":"Power Pool Plus","description":"Power Pool Plus","publisher":{"@id":"https:\/\/powerpoolplus.com\/#organization"},"potentialAction":[{"@type":"SearchAction","target":{"@type":"EntryPoint","urlTemplate":"https:\/\/powerpoolplus.com\/?s={search_term_string}"},"query-input":{"@type":"PropertyValueSpecification","valueRequired":true,"valueName":"search_term_string"}}],"inLanguage":"es"},{"@type":"Organization","@id":"https:\/\/powerpoolplus.com\/#organization","name":"Power Pool Plus","url":"https:\/\/powerpoolplus.com\/","logo":{"@type":"ImageObject","inLanguage":"es","@id":"https:\/\/powerpoolplus.com\/#\/schema\/logo\/image\/","url":"https:\/\/powerpoolplus.com\/wp-content\/uploads\/2023\/01\/cropped-Site-Logo-1-1.jpg","contentUrl":"https:\/\/powerpoolplus.com\/wp-content\/uploads\/2023\/01\/cropped-Site-Logo-1-1.jpg","width":450,"height":150,"caption":"Power Pool Plus"},"image":{"@id":"https:\/\/powerpoolplus.com\/#\/schema\/logo\/image\/"}}]}},"_links":{"self":[{"href":"https:\/\/powerpoolplus.com\/es\/wp-json\/wp\/v2\/pages\/74420"}],"collection":[{"href":"https:\/\/powerpoolplus.com\/es\/wp-json\/wp\/v2\/pages"}],"about":[{"href":"https:\/\/powerpoolplus.com\/es\/wp-json\/wp\/v2\/types\/page"}],"author":[{"embeddable":true,"href":"https:\/\/powerpoolplus.com\/es\/wp-json\/wp\/v2\/users\/2"}],"replies":[{"embeddable":true,"href":"https:\/\/powerpoolplus.com\/es\/wp-json\/wp\/v2\/comments?post=74420"}],"version-history":[{"count":59,"href":"https:\/\/powerpoolplus.com\/es\/wp-json\/wp\/v2\/pages\/74420\/revisions"}],"predecessor-version":[{"id":76587,"href":"https:\/\/powerpoolplus.com\/es\/wp-json\/wp\/v2\/pages\/74420\/revisions\/76587"}],"up":[{"embeddable":true,"href":"https:\/\/powerpoolplus.com\/es\/wp-json\/wp\/v2\/pages\/3624"}],"wp:featuredmedia":[{"embeddable":true,"href":"https:\/\/powerpoolplus.com\/es\/wp-json\/wp\/v2\/media\/76160"}],"wp:attachment":[{"href":"https:\/\/powerpoolplus.com\/es\/wp-json\/wp\/v2\/media?parent=74420"}],"curies":[{"name":"wp","href":"https:\/\/api.w.org\/{rel}","templated":true}]}}