{"id":74415,"date":"2019-02-26T22:26:00","date_gmt":"2019-02-26T22:26:00","guid":{"rendered":"http:\/\/powerpool.dev.ksand.com\/?page_id=74415"},"modified":"2024-05-24T12:54:49","modified_gmt":"2024-05-24T12:54:49","slug":"power-pack-generator","status":"publish","type":"page","link":"https:\/\/powerpoolplus.com\/es\/products-diesel-gensets\/power-pack-generator\/","title":{"rendered":"POWER PACK"},"content":{"rendered":"<div class=\"wpb-content-wrapper\"><p>[vc_row][vc_column width=\u00bb2\/3&#8243;][vc_column_text]<\/p>\n<h3>Establecemos el est\u00e1ndar para generadores de contenedores refrigerados.<\/h3>\n<p>Dise\u00f1ado para el operador serio de contenedores refrigerados que exige confiabilidad, el generador diesel refrigerado Power Pool Plus es la soluci\u00f3n perfecta para proteger su valiosa carga perecedera.<\/p>\n<p>Fuertes, duraderos y dise\u00f1ados espec\u00edficamente para la industria del transporte refrigerado, nuestros modelos est\u00e1ndar de paquetes de energ\u00eda est\u00e1n disponibles en configuraciones de tomacorrientes de 30 o 40 tomas<strong>*<\/strong> y se construyen dentro del marco existente de un contenedor High Cube ISO de 20 pies. El recinto del generador es el contenedor en s\u00ed mismo, creando un producto final que se integra f\u00e1cilmente en el modelo de transporte de carga.<\/p>\n<h3>Las caracter\u00edsticas est\u00e1ndar incluyen:<\/h3>\n<ul>\n<li><strong>Dise\u00f1o deslizable \u2013 <\/strong>permite la extracci\u00f3n r\u00e1pida y f\u00e1cil del conjunto del grupo electr\u00f3geno y la extracci\u00f3n del tanque de combustible para reparaciones mayores o reemplazo de components.<\/li>\n<li><strong>Fabricaciones y soldaduras de marcos hechas a mano \u2013<\/strong> construidos para soportar las demandas del transporte de carga.<\/li>\n<li><strong>Atenci\u00f3n al flujo de aire cr\u00edtico \u2013<\/strong> el rendimiento del motor depende del flujo de aire adecuado. Los ingenieros de Power Pool Plus dise\u00f1an cada Power Pack teniendo en cuenta este elemento tan importante.<\/li>\n<li><strong>Componentes suministrados de acuerdo con los est\u00e1ndares m\u00e1s exigentes \u2013<\/strong> el ajuste y la funci\u00f3n de cada parte se ven desde el punto de vista de c\u00f3mo se desempe\u00f1ar\u00e1, no s\u00f3lo hoy, sino a\u00f1os a partir de ahora.<\/li>\n<li><strong>Panel de recept\u00e1culo ESL integrado \u2013<\/strong> la durabilidad a lo largo del tiempo y la tranquilidad que brinda la seguridad son inversiones sabias, sin importar c\u00f3mo las mire. En POwer Pool Plus confiamos solo en los m\u00f3dulos interbloqueados de seguridad de ESL Power Systems para todas nuestras compilaciones.<\/li>\n<li><strong>Tanque de combustible de 1000 galones con baffles \u2013<\/strong> dimensionado para brindar un funcionamiento prolongado y sin supervisi\u00f3n, y con bafles internos para mantener una movilidad segura que evita el derrame de combustible.<\/li>\n<li><strong>Elecci\u00f3n de la marca del motor y los modelos para satisfacer los requisitos individuales.<\/strong> Power Pool Plus utiliza los motores Cummins, Volvo, Perkins y Caterpillar, entre otros.<\/li>\n<li><strong>Contenedor High Cube ISO-20-ft \u2013<\/strong> \u00bfPor qu\u00e9? Porque la altura adicional permite un mayor flujo de aire, un funcionamiento m\u00e1s fresco del funcionamiento y un mantenimiento m\u00e1s sencillo. Elementos que aseguran una vida \u00fatil m\u00e1s larga del Power Pack<\/li>\n<\/ul>\n<p><strong><em>* \u00bfNecesita m\u00e1s capacidad?\u00a0 Vea nuestros <a href=\"https:\/\/powerpoolplus.com\/es\/products\/custom-designs\/\">dise\u00f1os personalizados<\/a> para opciones adicionales.<\/em><\/strong><\/p>\n<p>Cuando no haya suficiente potencia de tierra para respaldar su rendimiento actual de carga perecedera, no conf\u00ede su valiosa carga a un generador de reserva disfrazado de fuente de energ\u00eda industrial.<\/p>\n<p>Solo Power Pool Plus fabrica generadores PowerPack de diesel para refrigerados espec\u00edficamente para el trabajo de transporte de carga refrigerada.<\/p>\n<p>&nbsp;<\/p>\n<p><a href=\"https:\/\/powerpoolplus.com\/wp-content\/uploads\/2020\/04\/SP-1-Power-Packs-rev-2020-03-email.pdf\"><img loading=\"lazy\" decoding=\"async\" class=\"alignnone wp-image-75255 size-full\" src=\"https:\/\/powerpoolplus.com\/wp-content\/uploads\/2019\/05\/1-PPP_Power-Packs-Brochure_IMAGE.jpg\" alt=\"Power Pool Plus_Power Pack Brochure Image\" width=\"288\" height=\"373\" \/><\/a> \u00a0<a href=\"https:\/\/powerpoolplus.com\/wp-content\/uploads\/2020\/09\/SP-6-PP400MAX-M\u00d3DULOS-DE-POTENCIA-8.5x10.25-ver-2020-04-16-2.pdf\"><img loading=\"lazy\" decoding=\"async\" class=\"alignnone wp-image-76058\" src=\"https:\/\/powerpoolplus.com\/wp-content\/uploads\/2020\/09\/PP400MAX-M\u00d3DULOS-DE-POTENCIA-FOLIO-Power-Pool-Plus.png\" alt=\"PP400MAX M\u00d3DULOS DE POTENCIA FOLIO - Power Pool Plus\" width=\"288\" height=\"347\" \/><\/a><\/p>\n<p><a href=\"https:\/\/powerpoolplus.com\/wp-content\/uploads\/2020\/04\/SP-1-Power-Packs-rev-2020-03-email.pdf\" target=\"_blank\" rel=\"noopener noreferrer\">Descargar el folleto de Power Pack<\/a><\/p>\n<p><a href=\"https:\/\/powerpoolplus.com\/wp-content\/uploads\/2020\/09\/SP-6-PP400MAX-M\u00d3DULOS-DE-POTENCIA-8.5x10.25-ver-2020-04-16-2.pdf\" target=\"_blank\" rel=\"noopener noreferrer\">Descargar el folleto de M\u00d3DULOS DE POTENCIA<\/a>[\/vc_column_text][\/vc_column][vc_column width=\u00bb1\/3&#8243;][vc_column_text]<\/p>\n<h3 style=\"text-align: center;\">Soluciones de generaci\u00f3n de energ\u00eda construidas a su medida<\/h3>\n<p>[\/vc_column_text][vc_button button_color=\u00bbcolor-jevc\u00bb size=\u00bbbtn-xl\u00bb border_width=\u00bb0&#8243; link=\u00bburl:%2Fes%2Fcontact%2F|title:Contact||\u00bb]SOLICITE UNA COTIZACI\u00d3N[\/vc_button][vc_separator sep_color=\u00bbcolor-wayh\u00bb][vc_single_image media=\u00bb76414&#8243; media_width_percent=\u00bb100&#8243; css_animation=\u00bbright-t-left\u00bb][vc_single_image media=\u00bb74728&#8243; media_width_percent=\u00bb100&#8243; css_animation=\u00bbright-t-left\u00bb][vc_single_image media=\u00bb74727&#8243; media_width_percent=\u00bb100&#8243; css_animation=\u00bbright-t-left\u00bb][vc_single_image media=\u00bb74726&#8243; media_width_percent=\u00bb100&#8243; css_animation=\u00bbright-t-left\u00bb][vc_single_image media=\u00bb76053&#8243; media_width_percent=\u00bb100&#8243; css_animation=\u00bbright-t-left\u00bb][vc_single_image media=\u00bb76055&#8243; media_width_percent=\u00bb100&#8243; css_animation=\u00bbright-t-left\u00bb][\/vc_column][\/vc_row]<\/p>\n<\/div>","protected":false},"excerpt":{"rendered":"<p>[vc_row][vc_column width=\u00bb2\/3&#8243;][vc_column_text] Establecemos el est\u00e1ndar para generadores de contenedores refrigerados. Dise\u00f1ado para el operador serio de contenedores refrigerados que exige [&hellip;]<\/p>\n","protected":false},"author":2,"featured_media":74730,"parent":3624,"menu_order":0,"comment_status":"closed","ping_status":"closed","template":"","meta":{"_monsterinsights_skip_tracking":false,"_monsterinsights_sitenote_active":false,"_monsterinsights_sitenote_note":"","_monsterinsights_sitenote_category":0,"footnotes":""},"class_list":["post-74415","page","type-page","status-publish","has-post-thumbnail","hentry"],"translation":{"provider":"WPGlobus","version":"2.12.2","language":"es","enabled_languages":["en","es"],"languages":{"en":{"title":true,"content":true,"excerpt":false},"es":{"title":true,"content":true,"excerpt":false}}},"yoast_head":"<!-- This site is optimized with the Yoast SEO plugin v25.6 - https:\/\/yoast.com\/wordpress\/plugins\/seo\/ -->\n<title>Power Pack Generator - Power Pool Plus POWER PACK<\/title>\n<meta name=\"robots\" content=\"index, follow, max-snippet:-1, max-image-preview:large, max-video-preview:-1\" \/>\n<link rel=\"canonical\" href=\"https:\/\/powerpoolplus.com\/products-diesel-gensets\/power-pack-generator\/\" \/>\n<meta property=\"og:locale\" content=\"es_ES\" \/>\n<meta property=\"og:type\" content=\"article\" \/>\n<meta property=\"og:title\" content=\"POWER PACK - Power Pool Plus\" \/>\n<meta property=\"og:url\" content=\"https:\/\/powerpoolplus.com\/products-diesel-gensets\/power-pack-generator\/\" \/>\n<meta property=\"og:site_name\" content=\"Power Pool Plus\" \/>\n<meta property=\"article:modified_time\" content=\"2024-05-24T12:54:49+00:00\" \/>\n<meta property=\"og:image\" content=\"https:\/\/powerpoolplus.com\/wp-content\/uploads\/2019\/03\/Home_PurposeBuilt.jpg\" \/>\n\t<meta property=\"og:image:width\" content=\"800\" \/>\n\t<meta property=\"og:image:height\" content=\"740\" \/>\n\t<meta property=\"og:image:type\" content=\"image\/jpeg\" \/>\n<meta name=\"twitter:card\" content=\"summary_large_image\" \/>\n<meta name=\"twitter:label1\" content=\"Tiempo de lectura\" \/>\n\t<meta name=\"twitter:data1\" content=\"3 minutos\" \/>\n<script type=\"application\/ld+json\" class=\"yoast-schema-graph\">{\"@context\":\"https:\/\/schema.org\",\"@graph\":[{\"@type\":\"WebPage\",\"@id\":\"https:\/\/powerpoolplus.com\/products-diesel-gensets\/power-pack-generator\/\",\"url\":\"https:\/\/powerpoolplus.com\/products-diesel-gensets\/power-pack-generator\/\",\"name\":\"Power Pack Generator - Power Pool Plus POWER PACK\",\"isPartOf\":{\"@id\":\"https:\/\/powerpoolplus.com\/#website\"},\"primaryImageOfPage\":{\"@id\":\"https:\/\/powerpoolplus.com\/products-diesel-gensets\/power-pack-generator\/#primaryimage\"},\"image\":{\"@id\":\"https:\/\/powerpoolplus.com\/products-diesel-gensets\/power-pack-generator\/#primaryimage\"},\"thumbnailUrl\":\"https:\/\/powerpoolplus.com\/wp-content\/uploads\/2019\/03\/Home_PurposeBuilt.jpg\",\"datePublished\":\"2019-02-26T22:26:00+00:00\",\"dateModified\":\"2024-05-24T12:54:49+00:00\",\"description\":\"Power Pack generator units designed for refrigerated cargo and cold chain application. Available in 20', 40' and custom container options!\",\"breadcrumb\":{\"@id\":\"https:\/\/powerpoolplus.com\/products-diesel-gensets\/power-pack-generator\/#breadcrumb\"},\"inLanguage\":\"es\",\"potentialAction\":[{\"@type\":\"ReadAction\",\"target\":[\"https:\/\/powerpoolplus.com\/products-diesel-gensets\/power-pack-generator\/\"]}]},{\"@type\":\"ImageObject\",\"inLanguage\":\"es\",\"@id\":\"https:\/\/powerpoolplus.com\/products-diesel-gensets\/power-pack-generator\/#primaryimage\",\"url\":\"https:\/\/powerpoolplus.com\/wp-content\/uploads\/2019\/03\/Home_PurposeBuilt.jpg\",\"contentUrl\":\"https:\/\/powerpoolplus.com\/wp-content\/uploads\/2019\/03\/Home_PurposeBuilt.jpg\",\"width\":800,\"height\":740,\"caption\":\"Power Pool Plus diesel reefer generator\"},{\"@type\":\"BreadcrumbList\",\"@id\":\"https:\/\/powerpoolplus.com\/products-diesel-gensets\/power-pack-generator\/#breadcrumb\",\"itemListElement\":[{\"@type\":\"ListItem\",\"position\":1,\"name\":\"Home\",\"item\":\"https:\/\/powerpoolplus.com\/\"},{\"@type\":\"ListItem\",\"position\":2,\"name\":\"Products\",\"item\":\"https:\/\/powerpoolplus.com\/products-diesel-gensets\/\"},{\"@type\":\"ListItem\",\"position\":3,\"name\":\"Power Packs\"}]},{\"@type\":\"WebSite\",\"@id\":\"https:\/\/powerpoolplus.com\/#website\",\"url\":\"https:\/\/powerpoolplus.com\/\",\"name\":\"Power Pool Plus\",\"description\":\"Power Pool Plus\",\"publisher\":{\"@id\":\"https:\/\/powerpoolplus.com\/#organization\"},\"potentialAction\":[{\"@type\":\"SearchAction\",\"target\":{\"@type\":\"EntryPoint\",\"urlTemplate\":\"https:\/\/powerpoolplus.com\/?s={search_term_string}\"},\"query-input\":{\"@type\":\"PropertyValueSpecification\",\"valueRequired\":true,\"valueName\":\"search_term_string\"}}],\"inLanguage\":\"es\"},{\"@type\":\"Organization\",\"@id\":\"https:\/\/powerpoolplus.com\/#organization\",\"name\":\"Power Pool Plus\",\"url\":\"https:\/\/powerpoolplus.com\/\",\"logo\":{\"@type\":\"ImageObject\",\"inLanguage\":\"es\",\"@id\":\"https:\/\/powerpoolplus.com\/#\/schema\/logo\/image\/\",\"url\":\"https:\/\/powerpoolplus.com\/wp-content\/uploads\/2023\/01\/cropped-Site-Logo-1-1.jpg\",\"contentUrl\":\"https:\/\/powerpoolplus.com\/wp-content\/uploads\/2023\/01\/cropped-Site-Logo-1-1.jpg\",\"width\":450,\"height\":150,\"caption\":\"Power Pool Plus\"},\"image\":{\"@id\":\"https:\/\/powerpoolplus.com\/#\/schema\/logo\/image\/\"}}]}<\/script>\n<!-- \/ Yoast SEO plugin. -->","yoast_head_json":{"title":"Power Pack Generator - Power Pool Plus POWER PACK","robots":{"index":"index","follow":"follow","max-snippet":"max-snippet:-1","max-image-preview":"max-image-preview:large","max-video-preview":"max-video-preview:-1"},"canonical":"https:\/\/powerpoolplus.com\/products-diesel-gensets\/power-pack-generator\/","og_locale":"es_ES","og_type":"article","og_title":"POWER PACK - Power Pool Plus","og_url":"https:\/\/powerpoolplus.com\/products-diesel-gensets\/power-pack-generator\/","og_site_name":"Power Pool Plus","article_modified_time":"2024-05-24T12:54:49+00:00","og_image":[{"width":800,"height":740,"url":"https:\/\/powerpoolplus.com\/wp-content\/uploads\/2019\/03\/Home_PurposeBuilt.jpg","type":"image\/jpeg"}],"twitter_card":"summary_large_image","twitter_misc":{"Tiempo de lectura":"3 minutos"},"schema":{"@context":"https:\/\/schema.org","@graph":[{"@type":"WebPage","@id":"https:\/\/powerpoolplus.com\/products-diesel-gensets\/power-pack-generator\/","url":"https:\/\/powerpoolplus.com\/products-diesel-gensets\/power-pack-generator\/","name":"Power Pack Generator - Power Pool Plus POWER PACK","isPartOf":{"@id":"https:\/\/powerpoolplus.com\/#website"},"primaryImageOfPage":{"@id":"https:\/\/powerpoolplus.com\/products-diesel-gensets\/power-pack-generator\/#primaryimage"},"image":{"@id":"https:\/\/powerpoolplus.com\/products-diesel-gensets\/power-pack-generator\/#primaryimage"},"thumbnailUrl":"https:\/\/powerpoolplus.com\/wp-content\/uploads\/2019\/03\/Home_PurposeBuilt.jpg","datePublished":"2019-02-26T22:26:00+00:00","dateModified":"2024-05-24T12:54:49+00:00","description":"Power Pack generator units designed for refrigerated cargo and cold chain application. Available in 20', 40' and custom container options!","breadcrumb":{"@id":"https:\/\/powerpoolplus.com\/products-diesel-gensets\/power-pack-generator\/#breadcrumb"},"inLanguage":"es","potentialAction":[{"@type":"ReadAction","target":["https:\/\/powerpoolplus.com\/products-diesel-gensets\/power-pack-generator\/"]}]},{"@type":"ImageObject","inLanguage":"es","@id":"https:\/\/powerpoolplus.com\/products-diesel-gensets\/power-pack-generator\/#primaryimage","url":"https:\/\/powerpoolplus.com\/wp-content\/uploads\/2019\/03\/Home_PurposeBuilt.jpg","contentUrl":"https:\/\/powerpoolplus.com\/wp-content\/uploads\/2019\/03\/Home_PurposeBuilt.jpg","width":800,"height":740,"caption":"Power Pool Plus diesel reefer generator"},{"@type":"BreadcrumbList","@id":"https:\/\/powerpoolplus.com\/products-diesel-gensets\/power-pack-generator\/#breadcrumb","itemListElement":[{"@type":"ListItem","position":1,"name":"Home","item":"https:\/\/powerpoolplus.com\/"},{"@type":"ListItem","position":2,"name":"Products","item":"https:\/\/powerpoolplus.com\/products-diesel-gensets\/"},{"@type":"ListItem","position":3,"name":"Power Packs"}]},{"@type":"WebSite","@id":"https:\/\/powerpoolplus.com\/#website","url":"https:\/\/powerpoolplus.com\/","name":"Power Pool Plus","description":"Power Pool Plus","publisher":{"@id":"https:\/\/powerpoolplus.com\/#organization"},"potentialAction":[{"@type":"SearchAction","target":{"@type":"EntryPoint","urlTemplate":"https:\/\/powerpoolplus.com\/?s={search_term_string}"},"query-input":{"@type":"PropertyValueSpecification","valueRequired":true,"valueName":"search_term_string"}}],"inLanguage":"es"},{"@type":"Organization","@id":"https:\/\/powerpoolplus.com\/#organization","name":"Power Pool Plus","url":"https:\/\/powerpoolplus.com\/","logo":{"@type":"ImageObject","inLanguage":"es","@id":"https:\/\/powerpoolplus.com\/#\/schema\/logo\/image\/","url":"https:\/\/powerpoolplus.com\/wp-content\/uploads\/2023\/01\/cropped-Site-Logo-1-1.jpg","contentUrl":"https:\/\/powerpoolplus.com\/wp-content\/uploads\/2023\/01\/cropped-Site-Logo-1-1.jpg","width":450,"height":150,"caption":"Power Pool Plus"},"image":{"@id":"https:\/\/powerpoolplus.com\/#\/schema\/logo\/image\/"}}]}},"_links":{"self":[{"href":"https:\/\/powerpoolplus.com\/es\/wp-json\/wp\/v2\/pages\/74415"}],"collection":[{"href":"https:\/\/powerpoolplus.com\/es\/wp-json\/wp\/v2\/pages"}],"about":[{"href":"https:\/\/powerpoolplus.com\/es\/wp-json\/wp\/v2\/types\/page"}],"author":[{"embeddable":true,"href":"https:\/\/powerpoolplus.com\/es\/wp-json\/wp\/v2\/users\/2"}],"replies":[{"embeddable":true,"href":"https:\/\/powerpoolplus.com\/es\/wp-json\/wp\/v2\/comments?post=74415"}],"version-history":[{"count":78,"href":"https:\/\/powerpoolplus.com\/es\/wp-json\/wp\/v2\/pages\/74415\/revisions"}],"predecessor-version":[{"id":76642,"href":"https:\/\/powerpoolplus.com\/es\/wp-json\/wp\/v2\/pages\/74415\/revisions\/76642"}],"up":[{"embeddable":true,"href":"https:\/\/powerpoolplus.com\/es\/wp-json\/wp\/v2\/pages\/3624"}],"wp:featuredmedia":[{"embeddable":true,"href":"https:\/\/powerpoolplus.com\/es\/wp-json\/wp\/v2\/media\/74730"}],"wp:attachment":[{"href":"https:\/\/powerpoolplus.com\/es\/wp-json\/wp\/v2\/media?parent=74415"}],"curies":[{"name":"wp","href":"https:\/\/api.w.org\/{rel}","templated":true}]}}