{"id":74396,"date":"2019-02-26T21:30:39","date_gmt":"2019-02-26T21:30:39","guid":{"rendered":"http:\/\/powerpool.dev.ksand.com\/?page_id=74396"},"modified":"2023-05-03T18:33:10","modified_gmt":"2023-05-03T18:33:10","slug":"remanufacturing-services","status":"publish","type":"page","link":"https:\/\/powerpoolplus.com\/es\/genset-service\/remanufacturing-services\/","title":{"rendered":"REMANUFACTURADOS"},"content":{"rendered":"<div class=\"wpb-content-wrapper\"><p>[vc_row][vc_column width=\u00bb2\/3&#8243;][vc_column_text]<\/p>\n<h3>Una soluci\u00f3n de ahorro de dinero para agregar nueva vida en power packs desgastados.<\/h3>\n<p>Los Power Packs se usan en algunos de los entornos m\u00e1s duros y est\u00e1n expuestos a algunos de los elementos m\u00e1s dif\u00edciles: calor tropical, agua salada, temperaturas de congelaci\u00f3n y m\u00e1s. Eventualmente llega un momento en que incluso las m\u00e1quinas mejor mantenidas necesitan ser reemplazadas.<\/p>\n<p>Con la evaluaci\u00f3n correcta y la atenci\u00f3n a los detalles, su Power Pack existente puede ser remanufacturado a una condici\u00f3n como nueva a un costo que es mucho menor que comprar una nueva.<\/p>\n<p>Nuestro equipo tiene la capacidad de volver a remanufacturar Power Packs desgastados o da\u00f1ados de cualquier marca o modelo.<\/p>\n<p>Desde motores da\u00f1ados y generadores defectuosos hasta paneles de recept\u00e1culos da\u00f1ados y contenedores aplastados, trabajaremos dentro de los requisitos de su presupuesto para reconstruir sus m\u00e1quinas existentes a una condici\u00f3n como nueva mientras ahorramos tiempo y dinero.<\/p>\n<h3>\u00bfC\u00f3mo lo hacemos? &#8211; Mira nuestro video<\/h3>\n<p>[\/vc_column_text][vc_raw_html]JTNDZGl2JTIwY2xhc3MlM0QlMjJjb250YWluZXJWaWRlbyUyMiUzRSUwQSUzQ2lmcmFtZSUyMHNyYyUzRCUyMmh0dHBzJTNBJTJGJTJGd3d3LnlvdXR1YmUuY29tJTJGZW1iZWQlMkY0SXhWTWtpSDdyOCUyMiUyMGZyYW1lYm9yZGVyJTNEJTIyMCUyMiUyMGFsbG93ZnVsbHNjcmVlbiUyMGNsYXNzJTNEJTIydmlkZW8lMjIlM0UlM0MlMkZpZnJhbWUlM0UlM0MlMkZkaXYlM0UlMEE=[\/vc_raw_html][vc_button button_color=\u00bbcolor-jevc\u00bb border_width=\u00bb0&#8243; link=\u00bburl:http%3A%2F%2Fpowerpoolplus.com%2Fwp-content%2Fuploads%2F2019%2F02%2FRe-Manufactured-Power-Pack-Project-SPANISH.pdf||target:%20_blank|\u00bb el_class=\u00bbbutton-fullwidth\u00bb]Obtenga los detalles del Proyecto[\/vc_button][\/vc_column][vc_column width=\u00bb1\/3&#8243;][vc_column_text]<\/p>\n<h3 style=\"text-align: center;\">Soluciones de generaci\u00f3n de energ\u00eda construidas a su medida<\/h3>\n<p>[\/vc_column_text][vc_button button_color=\u00bbcolor-jevc\u00bb size=\u00bbbtn-xl\u00bb border_width=\u00bb0&#8243; link=\u00bburl:%2Fes%2Fcontact%2F|||\u00bb]Solicite una cotizaci\u00f3n[\/vc_button][vc_separator sep_color=\u00bbcolor-wayh\u00bb][vc_single_image media=\u00bb74723&#8243; media_width_percent=\u00bb100&#8243; css_animation=\u00bbright-t-left\u00bb][vc_single_image media=\u00bb74729&#8243; media_width_percent=\u00bb100&#8243; css_animation=\u00bbright-t-left\u00bb][\/vc_column][\/vc_row]<\/p>\n<\/div>","protected":false},"excerpt":{"rendered":"<p>[vc_row][vc_column width=\u00bb2\/3&#8243;][vc_column_text] Una soluci\u00f3n de ahorro de dinero para agregar nueva vida en power packs desgastados. Los Power Packs se [&hellip;]<\/p>\n","protected":false},"author":1,"featured_media":74456,"parent":24366,"menu_order":0,"comment_status":"closed","ping_status":"closed","template":"","meta":{"_monsterinsights_skip_tracking":false,"_monsterinsights_sitenote_active":false,"_monsterinsights_sitenote_note":"","_monsterinsights_sitenote_category":0,"footnotes":""},"class_list":["post-74396","page","type-page","status-publish","has-post-thumbnail","hentry"],"translation":{"provider":"WPGlobus","version":"2.12.2","language":"es","enabled_languages":["en","es"],"languages":{"en":{"title":true,"content":true,"excerpt":false},"es":{"title":true,"content":true,"excerpt":false}}},"yoast_head":"<!-- This site is optimized with the Yoast SEO plugin v25.6 - https:\/\/yoast.com\/wordpress\/plugins\/seo\/ -->\n<title>Refurbish a Power Pack - Power Pool Plus - REMANUFACTURADOS<\/title>\n<meta name=\"robots\" content=\"index, follow, max-snippet:-1, max-image-preview:large, max-video-preview:-1\" \/>\n<link rel=\"canonical\" href=\"https:\/\/powerpoolplus.com\/genset-service\/remanufacturing-services\/\" \/>\n<meta property=\"og:locale\" content=\"es_ES\" \/>\n<meta property=\"og:type\" content=\"article\" \/>\n<meta property=\"og:title\" content=\"REMANUFACTURADOS - Power Pool Plus\" \/>\n<meta property=\"og:url\" content=\"https:\/\/powerpoolplus.com\/genset-service\/remanufacturing-services\/\" \/>\n<meta property=\"og:site_name\" content=\"Power Pool Plus\" \/>\n<meta property=\"article:modified_time\" content=\"2023-05-03T18:33:10+00:00\" \/>\n<meta property=\"og:image\" content=\"https:\/\/powerpoolplus.com\/wp-content\/uploads\/2019\/02\/Power_0002_IMG_20171220_134604022.jpg\" \/>\n\t<meta property=\"og:image:width\" content=\"800\" \/>\n\t<meta property=\"og:image:height\" content=\"600\" \/>\n\t<meta property=\"og:image:type\" content=\"image\/jpeg\" \/>\n<meta name=\"twitter:card\" content=\"summary_large_image\" \/>\n<meta name=\"twitter:label1\" content=\"Tiempo de lectura\" \/>\n\t<meta name=\"twitter:data1\" content=\"1 minuto\" \/>\n<script type=\"application\/ld+json\" class=\"yoast-schema-graph\">{\"@context\":\"https:\/\/schema.org\",\"@graph\":[{\"@type\":\"WebPage\",\"@id\":\"https:\/\/powerpoolplus.com\/genset-service\/remanufacturing-services\/\",\"url\":\"https:\/\/powerpoolplus.com\/genset-service\/remanufacturing-services\/\",\"name\":\"Refurbish a Power Pack - Power Pool Plus - REMANUFACTURADOS\",\"isPartOf\":{\"@id\":\"https:\/\/powerpoolplus.com\/#website\"},\"primaryImageOfPage\":{\"@id\":\"https:\/\/powerpoolplus.com\/genset-service\/remanufacturing-services\/#primaryimage\"},\"image\":{\"@id\":\"https:\/\/powerpoolplus.com\/genset-service\/remanufacturing-services\/#primaryimage\"},\"thumbnailUrl\":\"https:\/\/powerpoolplus.com\/wp-content\/uploads\/2019\/02\/Power_0002_IMG_20171220_134604022.jpg\",\"datePublished\":\"2019-02-26T21:30:39+00:00\",\"dateModified\":\"2023-05-03T18:33:10+00:00\",\"description\":\"Refurbish a Power Pack with our remanufacturing service, a cost-saving solution for revitalizing gensets to like-new condition.\",\"breadcrumb\":{\"@id\":\"https:\/\/powerpoolplus.com\/genset-service\/remanufacturing-services\/#breadcrumb\"},\"inLanguage\":\"es\",\"potentialAction\":[{\"@type\":\"ReadAction\",\"target\":[\"https:\/\/powerpoolplus.com\/genset-service\/remanufacturing-services\/\"]}]},{\"@type\":\"ImageObject\",\"inLanguage\":\"es\",\"@id\":\"https:\/\/powerpoolplus.com\/genset-service\/remanufacturing-services\/#primaryimage\",\"url\":\"https:\/\/powerpoolplus.com\/wp-content\/uploads\/2019\/02\/Power_0002_IMG_20171220_134604022.jpg\",\"contentUrl\":\"https:\/\/powerpoolplus.com\/wp-content\/uploads\/2019\/02\/Power_0002_IMG_20171220_134604022.jpg\",\"width\":800,\"height\":600,\"caption\":\"Power Pack Slide Out Design\"},{\"@type\":\"BreadcrumbList\",\"@id\":\"https:\/\/powerpoolplus.com\/genset-service\/remanufacturing-services\/#breadcrumb\",\"itemListElement\":[{\"@type\":\"ListItem\",\"position\":1,\"name\":\"Home\",\"item\":\"https:\/\/powerpoolplus.com\/\"},{\"@type\":\"ListItem\",\"position\":2,\"name\":\"Services\",\"item\":\"https:\/\/powerpoolplus.com\/genset-service\/\"},{\"@type\":\"ListItem\",\"position\":3,\"name\":\"Remanufacturing\"}]},{\"@type\":\"WebSite\",\"@id\":\"https:\/\/powerpoolplus.com\/#website\",\"url\":\"https:\/\/powerpoolplus.com\/\",\"name\":\"Power Pool Plus\",\"description\":\"Power Pool Plus\",\"publisher\":{\"@id\":\"https:\/\/powerpoolplus.com\/#organization\"},\"potentialAction\":[{\"@type\":\"SearchAction\",\"target\":{\"@type\":\"EntryPoint\",\"urlTemplate\":\"https:\/\/powerpoolplus.com\/?s={search_term_string}\"},\"query-input\":{\"@type\":\"PropertyValueSpecification\",\"valueRequired\":true,\"valueName\":\"search_term_string\"}}],\"inLanguage\":\"es\"},{\"@type\":\"Organization\",\"@id\":\"https:\/\/powerpoolplus.com\/#organization\",\"name\":\"Power Pool Plus\",\"url\":\"https:\/\/powerpoolplus.com\/\",\"logo\":{\"@type\":\"ImageObject\",\"inLanguage\":\"es\",\"@id\":\"https:\/\/powerpoolplus.com\/#\/schema\/logo\/image\/\",\"url\":\"https:\/\/powerpoolplus.com\/wp-content\/uploads\/2023\/01\/cropped-Site-Logo-1-1.jpg\",\"contentUrl\":\"https:\/\/powerpoolplus.com\/wp-content\/uploads\/2023\/01\/cropped-Site-Logo-1-1.jpg\",\"width\":450,\"height\":150,\"caption\":\"Power Pool Plus\"},\"image\":{\"@id\":\"https:\/\/powerpoolplus.com\/#\/schema\/logo\/image\/\"}}]}<\/script>\n<!-- \/ Yoast SEO plugin. -->","yoast_head_json":{"title":"Refurbish a Power Pack - Power Pool Plus - REMANUFACTURADOS","robots":{"index":"index","follow":"follow","max-snippet":"max-snippet:-1","max-image-preview":"max-image-preview:large","max-video-preview":"max-video-preview:-1"},"canonical":"https:\/\/powerpoolplus.com\/genset-service\/remanufacturing-services\/","og_locale":"es_ES","og_type":"article","og_title":"REMANUFACTURADOS - Power Pool Plus","og_url":"https:\/\/powerpoolplus.com\/genset-service\/remanufacturing-services\/","og_site_name":"Power Pool Plus","article_modified_time":"2023-05-03T18:33:10+00:00","og_image":[{"width":800,"height":600,"url":"https:\/\/powerpoolplus.com\/wp-content\/uploads\/2019\/02\/Power_0002_IMG_20171220_134604022.jpg","type":"image\/jpeg"}],"twitter_card":"summary_large_image","twitter_misc":{"Tiempo de lectura":"1 minuto"},"schema":{"@context":"https:\/\/schema.org","@graph":[{"@type":"WebPage","@id":"https:\/\/powerpoolplus.com\/genset-service\/remanufacturing-services\/","url":"https:\/\/powerpoolplus.com\/genset-service\/remanufacturing-services\/","name":"Refurbish a Power Pack - Power Pool Plus - REMANUFACTURADOS","isPartOf":{"@id":"https:\/\/powerpoolplus.com\/#website"},"primaryImageOfPage":{"@id":"https:\/\/powerpoolplus.com\/genset-service\/remanufacturing-services\/#primaryimage"},"image":{"@id":"https:\/\/powerpoolplus.com\/genset-service\/remanufacturing-services\/#primaryimage"},"thumbnailUrl":"https:\/\/powerpoolplus.com\/wp-content\/uploads\/2019\/02\/Power_0002_IMG_20171220_134604022.jpg","datePublished":"2019-02-26T21:30:39+00:00","dateModified":"2023-05-03T18:33:10+00:00","description":"Refurbish a Power Pack with our remanufacturing service, a cost-saving solution for revitalizing gensets to like-new condition.","breadcrumb":{"@id":"https:\/\/powerpoolplus.com\/genset-service\/remanufacturing-services\/#breadcrumb"},"inLanguage":"es","potentialAction":[{"@type":"ReadAction","target":["https:\/\/powerpoolplus.com\/genset-service\/remanufacturing-services\/"]}]},{"@type":"ImageObject","inLanguage":"es","@id":"https:\/\/powerpoolplus.com\/genset-service\/remanufacturing-services\/#primaryimage","url":"https:\/\/powerpoolplus.com\/wp-content\/uploads\/2019\/02\/Power_0002_IMG_20171220_134604022.jpg","contentUrl":"https:\/\/powerpoolplus.com\/wp-content\/uploads\/2019\/02\/Power_0002_IMG_20171220_134604022.jpg","width":800,"height":600,"caption":"Power Pack Slide Out Design"},{"@type":"BreadcrumbList","@id":"https:\/\/powerpoolplus.com\/genset-service\/remanufacturing-services\/#breadcrumb","itemListElement":[{"@type":"ListItem","position":1,"name":"Home","item":"https:\/\/powerpoolplus.com\/"},{"@type":"ListItem","position":2,"name":"Services","item":"https:\/\/powerpoolplus.com\/genset-service\/"},{"@type":"ListItem","position":3,"name":"Remanufacturing"}]},{"@type":"WebSite","@id":"https:\/\/powerpoolplus.com\/#website","url":"https:\/\/powerpoolplus.com\/","name":"Power Pool Plus","description":"Power Pool Plus","publisher":{"@id":"https:\/\/powerpoolplus.com\/#organization"},"potentialAction":[{"@type":"SearchAction","target":{"@type":"EntryPoint","urlTemplate":"https:\/\/powerpoolplus.com\/?s={search_term_string}"},"query-input":{"@type":"PropertyValueSpecification","valueRequired":true,"valueName":"search_term_string"}}],"inLanguage":"es"},{"@type":"Organization","@id":"https:\/\/powerpoolplus.com\/#organization","name":"Power Pool Plus","url":"https:\/\/powerpoolplus.com\/","logo":{"@type":"ImageObject","inLanguage":"es","@id":"https:\/\/powerpoolplus.com\/#\/schema\/logo\/image\/","url":"https:\/\/powerpoolplus.com\/wp-content\/uploads\/2023\/01\/cropped-Site-Logo-1-1.jpg","contentUrl":"https:\/\/powerpoolplus.com\/wp-content\/uploads\/2023\/01\/cropped-Site-Logo-1-1.jpg","width":450,"height":150,"caption":"Power Pool Plus"},"image":{"@id":"https:\/\/powerpoolplus.com\/#\/schema\/logo\/image\/"}}]}},"_links":{"self":[{"href":"https:\/\/powerpoolplus.com\/es\/wp-json\/wp\/v2\/pages\/74396"}],"collection":[{"href":"https:\/\/powerpoolplus.com\/es\/wp-json\/wp\/v2\/pages"}],"about":[{"href":"https:\/\/powerpoolplus.com\/es\/wp-json\/wp\/v2\/types\/page"}],"author":[{"embeddable":true,"href":"https:\/\/powerpoolplus.com\/es\/wp-json\/wp\/v2\/users\/1"}],"replies":[{"embeddable":true,"href":"https:\/\/powerpoolplus.com\/es\/wp-json\/wp\/v2\/comments?post=74396"}],"version-history":[{"count":38,"href":"https:\/\/powerpoolplus.com\/es\/wp-json\/wp\/v2\/pages\/74396\/revisions"}],"predecessor-version":[{"id":76595,"href":"https:\/\/powerpoolplus.com\/es\/wp-json\/wp\/v2\/pages\/74396\/revisions\/76595"}],"up":[{"embeddable":true,"href":"https:\/\/powerpoolplus.com\/es\/wp-json\/wp\/v2\/pages\/24366"}],"wp:featuredmedia":[{"embeddable":true,"href":"https:\/\/powerpoolplus.com\/es\/wp-json\/wp\/v2\/media\/74456"}],"wp:attachment":[{"href":"https:\/\/powerpoolplus.com\/es\/wp-json\/wp\/v2\/media?parent=74396"}],"curies":[{"name":"wp","href":"https:\/\/api.w.org\/{rel}","templated":true}]}}