{"id":4327,"date":"2014-12-17T17:47:37","date_gmt":"2014-12-17T17:47:37","guid":{"rendered":"https:\/\/undsgn.com\/uncode_new\/?page_id=4327"},"modified":"2024-05-24T17:14:20","modified_gmt":"2024-05-24T17:14:20","slug":"news","status":"publish","type":"page","link":"https:\/\/powerpoolplus.com\/es\/news\/","title":{"rendered":"Noticias"},"content":{"rendered":"<div class=\"wpb-content-wrapper\"><p>[vc_row row_height_percent=\u00bb0&#8243; overlay_alpha=\u00bb100&#8243; gutter_size=\u00bb100&#8243; shift_y=\u00bb0&#8243; style=\u00bbinherited\u00bb][vc_column width=\u00bb1\/1&#8243;][vc_column_text]Power Pool Plus se dedica al transporte exitoso de carga refrigerada. Aqu\u00ed proporcionamos informaci\u00f3n sobre muchos temas relacionados con los power packs y su uso. Vuelve a menudo para las \u00faltimas actualizaciones. O mant\u00e9ngase actualizado con las ideas y las mejores pr\u00e1cticas m\u00e1s recientes para sus Power Packs.<\/p>\n<p><a href=\"https:\/\/visitor.r20.constantcontact.com\/d.jsp?llr=vgm8hedab&#038;p=oi&#038;m=1102875308245&#038;sit=fqbbj9veb&#038;f=9c79823e-8d11-49a8-92db-178e2504c271\" target=\"_blank\" rel=\"noopener noreferrer\">\u00danete a nuestro grupo en crecimiento.<\/a>[\/vc_column_text][uncode_index el_id=\u00bbindex-129863&#8243; isotope_mode=\u00bbfitRows\u00bb loop=\u00bbsize:9|order_by:date|order:DESC|post_type:post\u00bb filtering=\u00bbyes\u00bb filtering_position=\u00bbcenter\u00bb filtering_uppercase=\u00bbyes\u00bb filter_mobile=\u00bbyes\u00bb pagination=\u00bbyes\u00bb gutter_size=\u00bb3&#8243; post_items=\u00bbmedia|featured|onpost|original,title,date,text|full|100,link|default\u00bb screen_lg=\u00bb1000&#8243; screen_md=\u00bb600&#8243; screen_sm=\u00bb480&#8243; single_overlay_opacity=\u00bb1&#8243; single_padding=\u00bb2&#8243; single_title_weight=\u00bb600&#8243; no_double_tap=\u00bbyes\u00bb title=\u00bbNews\u00bb][\/vc_column][\/vc_row]<\/p>\n<\/div>","protected":false},"excerpt":{"rendered":"<p>[vc_row row_height_percent=\u00bb0&#8243; overlay_alpha=\u00bb100&#8243; gutter_size=\u00bb100&#8243; shift_y=\u00bb0&#8243; style=\u00bbinherited\u00bb][vc_column width=\u00bb1\/1&#8243;][vc_column_text]Power Pool Plus se dedica al transporte exitoso de carga refrigerada. Aqu\u00ed proporcionamos informaci\u00f3n [&hellip;]<\/p>\n","protected":false},"author":1,"featured_media":74506,"parent":0,"menu_order":5,"comment_status":"closed","ping_status":"closed","template":"","meta":{"_monsterinsights_skip_tracking":false,"_monsterinsights_sitenote_active":false,"_monsterinsights_sitenote_note":"","_monsterinsights_sitenote_category":0,"footnotes":""},"class_list":["post-4327","page","type-page","status-publish","has-post-thumbnail","hentry"],"translation":{"provider":"WPGlobus","version":"2.12.2","language":"es","enabled_languages":["en","es"],"languages":{"en":{"title":true,"content":true,"excerpt":false},"es":{"title":true,"content":true,"excerpt":false}}},"yoast_head":"<!-- This site is optimized with the Yoast SEO plugin v25.6 - https:\/\/yoast.com\/wordpress\/plugins\/seo\/ -->\n<title>Noticias - Power Pool Plus<\/title>\n<meta name=\"robots\" content=\"index, follow, max-snippet:-1, max-image-preview:large, max-video-preview:-1\" \/>\n<link rel=\"canonical\" href=\"https:\/\/powerpoolplus.com\/news\/\" \/>\n<meta property=\"og:locale\" content=\"es_ES\" \/>\n<meta property=\"og:type\" content=\"article\" \/>\n<meta property=\"og:title\" content=\"Noticias - Power Pool Plus\" \/>\n<meta property=\"og:url\" content=\"https:\/\/powerpoolplus.com\/news\/\" \/>\n<meta property=\"og:site_name\" content=\"Power Pool Plus\" \/>\n<meta property=\"article:modified_time\" content=\"2024-05-24T17:14:20+00:00\" \/>\n<meta property=\"og:image\" content=\"https:\/\/powerpoolplus.com\/wp-content\/uploads\/2019\/02\/Template_Headers_0006_CC-Units-1.jpg\" \/>\n\t<meta property=\"og:image:width\" content=\"1300\" \/>\n\t<meta property=\"og:image:height\" content=\"400\" \/>\n\t<meta property=\"og:image:type\" content=\"image\/jpeg\" \/>\n<meta name=\"twitter:card\" content=\"summary_large_image\" \/>\n<meta name=\"twitter:label1\" content=\"Tiempo de lectura\" \/>\n\t<meta name=\"twitter:data1\" content=\"1 minuto\" \/>\n<script type=\"application\/ld+json\" class=\"yoast-schema-graph\">{\"@context\":\"https:\/\/schema.org\",\"@graph\":[{\"@type\":\"WebPage\",\"@id\":\"https:\/\/powerpoolplus.com\/news\/\",\"url\":\"https:\/\/powerpoolplus.com\/news\/\",\"name\":\"Noticias - Power Pool Plus\",\"isPartOf\":{\"@id\":\"https:\/\/powerpoolplus.com\/#website\"},\"primaryImageOfPage\":{\"@id\":\"https:\/\/powerpoolplus.com\/news\/#primaryimage\"},\"image\":{\"@id\":\"https:\/\/powerpoolplus.com\/news\/#primaryimage\"},\"thumbnailUrl\":\"https:\/\/powerpoolplus.com\/wp-content\/uploads\/2019\/02\/Template_Headers_0006_CC-Units-1.jpg\",\"datePublished\":\"2014-12-17T17:47:37+00:00\",\"dateModified\":\"2024-05-24T17:14:20+00:00\",\"description\":\"News and highlights in the world of power pack reefer gensets and refrigerated container operations. Subscribe to stay informed with Power Pool Plus.\",\"breadcrumb\":{\"@id\":\"https:\/\/powerpoolplus.com\/news\/#breadcrumb\"},\"inLanguage\":\"es\",\"potentialAction\":[{\"@type\":\"ReadAction\",\"target\":[\"https:\/\/powerpoolplus.com\/news\/\"]}]},{\"@type\":\"ImageObject\",\"inLanguage\":\"es\",\"@id\":\"https:\/\/powerpoolplus.com\/news\/#primaryimage\",\"url\":\"https:\/\/powerpoolplus.com\/wp-content\/uploads\/2019\/02\/Template_Headers_0006_CC-Units-1.jpg\",\"contentUrl\":\"https:\/\/powerpoolplus.com\/wp-content\/uploads\/2019\/02\/Template_Headers_0006_CC-Units-1.jpg\",\"width\":1300,\"height\":400,\"caption\":\"Power Pool Plus Power Pack\"},{\"@type\":\"BreadcrumbList\",\"@id\":\"https:\/\/powerpoolplus.com\/news\/#breadcrumb\",\"itemListElement\":[{\"@type\":\"ListItem\",\"position\":1,\"name\":\"Home\",\"item\":\"https:\/\/powerpoolplus.com\/\"},{\"@type\":\"ListItem\",\"position\":2,\"name\":\"News\"}]},{\"@type\":\"WebSite\",\"@id\":\"https:\/\/powerpoolplus.com\/#website\",\"url\":\"https:\/\/powerpoolplus.com\/\",\"name\":\"Power Pool Plus\",\"description\":\"Power Pool Plus\",\"publisher\":{\"@id\":\"https:\/\/powerpoolplus.com\/#organization\"},\"potentialAction\":[{\"@type\":\"SearchAction\",\"target\":{\"@type\":\"EntryPoint\",\"urlTemplate\":\"https:\/\/powerpoolplus.com\/?s={search_term_string}\"},\"query-input\":{\"@type\":\"PropertyValueSpecification\",\"valueRequired\":true,\"valueName\":\"search_term_string\"}}],\"inLanguage\":\"es\"},{\"@type\":\"Organization\",\"@id\":\"https:\/\/powerpoolplus.com\/#organization\",\"name\":\"Power Pool Plus\",\"url\":\"https:\/\/powerpoolplus.com\/\",\"logo\":{\"@type\":\"ImageObject\",\"inLanguage\":\"es\",\"@id\":\"https:\/\/powerpoolplus.com\/#\/schema\/logo\/image\/\",\"url\":\"https:\/\/powerpoolplus.com\/wp-content\/uploads\/2023\/01\/cropped-Site-Logo-1-1.jpg\",\"contentUrl\":\"https:\/\/powerpoolplus.com\/wp-content\/uploads\/2023\/01\/cropped-Site-Logo-1-1.jpg\",\"width\":450,\"height\":150,\"caption\":\"Power Pool Plus\"},\"image\":{\"@id\":\"https:\/\/powerpoolplus.com\/#\/schema\/logo\/image\/\"}}]}<\/script>\n<!-- \/ Yoast SEO plugin. -->","yoast_head_json":{"title":"Noticias - Power Pool Plus","robots":{"index":"index","follow":"follow","max-snippet":"max-snippet:-1","max-image-preview":"max-image-preview:large","max-video-preview":"max-video-preview:-1"},"canonical":"https:\/\/powerpoolplus.com\/news\/","og_locale":"es_ES","og_type":"article","og_title":"Noticias - Power Pool Plus","og_url":"https:\/\/powerpoolplus.com\/news\/","og_site_name":"Power Pool Plus","article_modified_time":"2024-05-24T17:14:20+00:00","og_image":[{"width":1300,"height":400,"url":"https:\/\/powerpoolplus.com\/wp-content\/uploads\/2019\/02\/Template_Headers_0006_CC-Units-1.jpg","type":"image\/jpeg"}],"twitter_card":"summary_large_image","twitter_misc":{"Tiempo de lectura":"1 minuto"},"schema":{"@context":"https:\/\/schema.org","@graph":[{"@type":"WebPage","@id":"https:\/\/powerpoolplus.com\/news\/","url":"https:\/\/powerpoolplus.com\/news\/","name":"Noticias - Power Pool Plus","isPartOf":{"@id":"https:\/\/powerpoolplus.com\/#website"},"primaryImageOfPage":{"@id":"https:\/\/powerpoolplus.com\/news\/#primaryimage"},"image":{"@id":"https:\/\/powerpoolplus.com\/news\/#primaryimage"},"thumbnailUrl":"https:\/\/powerpoolplus.com\/wp-content\/uploads\/2019\/02\/Template_Headers_0006_CC-Units-1.jpg","datePublished":"2014-12-17T17:47:37+00:00","dateModified":"2024-05-24T17:14:20+00:00","description":"News and highlights in the world of power pack reefer gensets and refrigerated container operations. Subscribe to stay informed with Power Pool Plus.","breadcrumb":{"@id":"https:\/\/powerpoolplus.com\/news\/#breadcrumb"},"inLanguage":"es","potentialAction":[{"@type":"ReadAction","target":["https:\/\/powerpoolplus.com\/news\/"]}]},{"@type":"ImageObject","inLanguage":"es","@id":"https:\/\/powerpoolplus.com\/news\/#primaryimage","url":"https:\/\/powerpoolplus.com\/wp-content\/uploads\/2019\/02\/Template_Headers_0006_CC-Units-1.jpg","contentUrl":"https:\/\/powerpoolplus.com\/wp-content\/uploads\/2019\/02\/Template_Headers_0006_CC-Units-1.jpg","width":1300,"height":400,"caption":"Power Pool Plus Power Pack"},{"@type":"BreadcrumbList","@id":"https:\/\/powerpoolplus.com\/news\/#breadcrumb","itemListElement":[{"@type":"ListItem","position":1,"name":"Home","item":"https:\/\/powerpoolplus.com\/"},{"@type":"ListItem","position":2,"name":"News"}]},{"@type":"WebSite","@id":"https:\/\/powerpoolplus.com\/#website","url":"https:\/\/powerpoolplus.com\/","name":"Power Pool Plus","description":"Power Pool Plus","publisher":{"@id":"https:\/\/powerpoolplus.com\/#organization"},"potentialAction":[{"@type":"SearchAction","target":{"@type":"EntryPoint","urlTemplate":"https:\/\/powerpoolplus.com\/?s={search_term_string}"},"query-input":{"@type":"PropertyValueSpecification","valueRequired":true,"valueName":"search_term_string"}}],"inLanguage":"es"},{"@type":"Organization","@id":"https:\/\/powerpoolplus.com\/#organization","name":"Power Pool Plus","url":"https:\/\/powerpoolplus.com\/","logo":{"@type":"ImageObject","inLanguage":"es","@id":"https:\/\/powerpoolplus.com\/#\/schema\/logo\/image\/","url":"https:\/\/powerpoolplus.com\/wp-content\/uploads\/2023\/01\/cropped-Site-Logo-1-1.jpg","contentUrl":"https:\/\/powerpoolplus.com\/wp-content\/uploads\/2023\/01\/cropped-Site-Logo-1-1.jpg","width":450,"height":150,"caption":"Power Pool Plus"},"image":{"@id":"https:\/\/powerpoolplus.com\/#\/schema\/logo\/image\/"}}]}},"_links":{"self":[{"href":"https:\/\/powerpoolplus.com\/es\/wp-json\/wp\/v2\/pages\/4327"}],"collection":[{"href":"https:\/\/powerpoolplus.com\/es\/wp-json\/wp\/v2\/pages"}],"about":[{"href":"https:\/\/powerpoolplus.com\/es\/wp-json\/wp\/v2\/types\/page"}],"author":[{"embeddable":true,"href":"https:\/\/powerpoolplus.com\/es\/wp-json\/wp\/v2\/users\/1"}],"replies":[{"embeddable":true,"href":"https:\/\/powerpoolplus.com\/es\/wp-json\/wp\/v2\/comments?post=4327"}],"version-history":[{"count":38,"href":"https:\/\/powerpoolplus.com\/es\/wp-json\/wp\/v2\/pages\/4327\/revisions"}],"predecessor-version":[{"id":76151,"href":"https:\/\/powerpoolplus.com\/es\/wp-json\/wp\/v2\/pages\/4327\/revisions\/76151"}],"wp:featuredmedia":[{"embeddable":true,"href":"https:\/\/powerpoolplus.com\/es\/wp-json\/wp\/v2\/media\/74506"}],"wp:attachment":[{"href":"https:\/\/powerpoolplus.com\/es\/wp-json\/wp\/v2\/media?parent=4327"}],"curies":[{"name":"wp","href":"https:\/\/api.w.org\/{rel}","templated":true}]}}